{"id":3212,"date":"2021-10-07T03:49:00","date_gmt":"2021-10-07T03:49:00","guid":{"rendered":"https:\/\/cibumcr.com\/?post_type=product&#038;p=3212"},"modified":"2021-12-13T23:36:23","modified_gmt":"2021-12-13T23:36:23","slug":"maracuya-mango","status":"publish","type":"product","link":"https:\/\/cibumcr.com\/en\/product\/maracuya-mango\/","title":{"rendered":"Passion Fruit - Mango"},"content":{"rendered":"","protected":false},"excerpt":{"rendered":"<div class=\"col-sm-12\">\n<h4>How about a jelly to squeeze?...<\/h4>\n<p style=\"text-align: justify;\">Delicious of course!<\/p>\n<p style=\"text-align: justify;\">Cibum Jelly fruit is the easiest and funniest way to eat a delicious fun dessert.<\/p>\n<div class=\"tab\" style=\"display: flex;\"><a class=\"tablinks openTabs active\" style=\"margin-right: 20px; cursor: pointer;\" title=\"Ingredients\"><img decoding=\"async\" class=\"alignnone\" style=\"height: 70px;\" src=\"https:\/\/cibumcr.com\/wp-content\/uploads\/2021\/10\/Ingredientes-en-1.svg\" data-id=\"ingredientes\" \/><\/a><a class=\"tablinks openTabs\" style=\"margin-right: 20px; cursor: pointer;\" title=\"Product Detail\"><img decoding=\"async\" style=\"height: 70px;\" src=\"https:\/\/cibumcr.com\/wp-content\/uploads\/2021\/10\/Detalles-en-1.svg\" data-id=\"detalle\" \/><\/a><a class=\"tablinks openTabs\" style=\"cursor: pointer;\" title=\"Indications of Use\"><img decoding=\"async\" style=\"height: 70px;\" src=\"https:\/\/cibumcr.com\/wp-content\/uploads\/2021\/10\/Indicaciones-en-1.svg\" data-id=\"indicaciones\" \/><\/a><\/div>\n<div id=\"ingredientes\" class=\"tabcontent\">\n<h4>Ingredients<\/h4>\n<ul>\n<li>Water.<\/li>\n<li>Modified Corn Starch.<\/li>\n<li>Carrageenan.<\/li>\n<li>Citric Acid (Acidulant).<\/li>\n<li>Natural Flavor Yellow Fruits.<\/li>\n<li>Sodium tripolyphosphate.<\/li>\n<li>Sugar.<\/li>\n<li>Annato Color (Dye).<\/li>\n<\/ul>\n<\/div>\n<div id=\"detalle\" class=\"tabcontent\" style=\"display: none;\">\n<h4>Product Detail<\/h4>\n<ul>\n<li>No preservatives.<\/li>\n<li>No artificial colors.<\/li>\n<li>Flexible bag of 100 g.<\/li>\n<li>Ready-to-eat product.<\/li>\n<\/ul>\n<\/div>\n<div id=\"indicaciones\" class=\"tabcontent\" style=\"display: none;\">\n<h4>Indications of Use<\/h4>\n<ul>\n<li>Store in a cool place.<\/li>\n<li>Refrigerate after opening and serve within 24 hours.<\/li>\n<li>Reject if this pouch is damaged or inflated.<\/li>\n<li>Do not boil, microwave, or freeze this pouch.<\/li>\n<\/ul>\n<\/div>\n<\/div>","protected":false},"featured_media":3975,"template":"","meta":{"om_disable_all_campaigns":false},"product_brand":[],"product_cat":[28],"product_tag":[],"class_list":{"0":"post-3212","1":"product","2":"type-product","3":"status-publish","4":"has-post-thumbnail","6":"product_cat-gelatina-jelly-fruit","8":"first","9":"instock","10":"shipping-taxable","11":"product-type-simple"},"yoast_head":"<!-- This site is optimized with the Yoast SEO plugin v26.9 - https:\/\/yoast.com\/product\/yoast-seo-wordpress\/ -->\n<title>Maracuy\u00e1 \u2013 Mango - Cibum<\/title>\n<meta name=\"description\" content=\"La Gelatina Maracuy\u00e1 \u2013 Mango es la manera m\u00e1s f\u00e1cil y divertida de comer gelatina donde quiera que est\u00e9s. \u00a1Deliciosa por supuesto!\" \/>\n<meta name=\"robots\" content=\"index, follow, max-snippet:-1, max-image-preview:large, max-video-preview:-1\" \/>\n<link rel=\"canonical\" href=\"https:\/\/cibumcr.com\/en\/product\/maracuya-mango\/\" \/>\n<meta property=\"og:locale\" content=\"en_US\" \/>\n<meta property=\"og:type\" content=\"article\" \/>\n<meta property=\"og:title\" content=\"Maracuy\u00e1 \u2013 Mango - Cibum\" \/>\n<meta property=\"og:description\" content=\"La Gelatina Maracuy\u00e1 \u2013 Mango es la manera m\u00e1s f\u00e1cil y divertida de comer gelatina donde quiera que est\u00e9s. \u00a1Deliciosa por supuesto!\" \/>\n<meta property=\"og:url\" content=\"https:\/\/cibumcr.com\/en\/product\/maracuya-mango\/\" \/>\n<meta property=\"og:site_name\" content=\"Cibum\" \/>\n<meta property=\"article:modified_time\" content=\"2021-12-13T23:36:23+00:00\" \/>\n<meta property=\"og:image\" content=\"https:\/\/cibumcr.com\/wp-content\/uploads\/2021\/10\/Mango-Maracuya-Mockup-1.png\" \/>\n\t<meta property=\"og:image:width\" content=\"800\" \/>\n\t<meta property=\"og:image:height\" content=\"800\" \/>\n\t<meta property=\"og:image:type\" content=\"image\/png\" \/>\n<meta name=\"twitter:card\" content=\"summary_large_image\" \/>\n<script type=\"application\/ld+json\" class=\"yoast-schema-graph\">{\"@context\":\"https:\/\/schema.org\",\"@graph\":[{\"@type\":\"WebPage\",\"@id\":\"https:\/\/cibumcr.com\/en\/product\/maracuya-mango\/\",\"url\":\"https:\/\/cibumcr.com\/en\/product\/maracuya-mango\/\",\"name\":\"Maracuy\u00e1 \u2013 Mango - Cibum\",\"isPartOf\":{\"@id\":\"https:\/\/cibumcr.com\/en\/#website\"},\"primaryImageOfPage\":{\"@id\":\"https:\/\/cibumcr.com\/en\/product\/maracuya-mango\/#primaryimage\"},\"image\":{\"@id\":\"https:\/\/cibumcr.com\/en\/product\/maracuya-mango\/#primaryimage\"},\"thumbnailUrl\":\"https:\/\/cibumcr.com\/wp-content\/uploads\/2021\/10\/Mango-Maracuya-Mockup-1.png\",\"datePublished\":\"2021-10-07T03:49:00+00:00\",\"dateModified\":\"2021-12-13T23:36:23+00:00\",\"description\":\"La Gelatina Maracuy\u00e1 \u2013 Mango es la manera m\u00e1s f\u00e1cil y divertida de comer gelatina donde quiera que est\u00e9s. \u00a1Deliciosa por supuesto!\",\"breadcrumb\":{\"@id\":\"https:\/\/cibumcr.com\/en\/product\/maracuya-mango\/#breadcrumb\"},\"inLanguage\":\"en-US\",\"potentialAction\":[{\"@type\":\"ReadAction\",\"target\":[\"https:\/\/cibumcr.com\/en\/product\/maracuya-mango\/\"]}]},{\"@type\":\"ImageObject\",\"inLanguage\":\"en-US\",\"@id\":\"https:\/\/cibumcr.com\/en\/product\/maracuya-mango\/#primaryimage\",\"url\":\"https:\/\/cibumcr.com\/wp-content\/uploads\/2021\/10\/Mango-Maracuya-Mockup-1.png\",\"contentUrl\":\"https:\/\/cibumcr.com\/wp-content\/uploads\/2021\/10\/Mango-Maracuya-Mockup-1.png\",\"width\":800,\"height\":800},{\"@type\":\"BreadcrumbList\",\"@id\":\"https:\/\/cibumcr.com\/en\/product\/maracuya-mango\/#breadcrumb\",\"itemListElement\":[{\"@type\":\"ListItem\",\"position\":1,\"name\":\"Portada\",\"item\":\"https:\/\/cibumcr.com\/en\/\"},{\"@type\":\"ListItem\",\"position\":2,\"name\":\"Products\",\"item\":\"https:\/\/cibumcr.com\/en\/shop\/\"},{\"@type\":\"ListItem\",\"position\":3,\"name\":\"Maracuy\u00e1 \u2013 Mango\"}]},{\"@type\":\"WebSite\",\"@id\":\"https:\/\/cibumcr.com\/en\/#website\",\"url\":\"https:\/\/cibumcr.com\/en\/\",\"name\":\"Cibum\",\"description\":\"100% Natural\",\"publisher\":{\"@id\":\"https:\/\/cibumcr.com\/en\/#organization\"},\"potentialAction\":[{\"@type\":\"SearchAction\",\"target\":{\"@type\":\"EntryPoint\",\"urlTemplate\":\"https:\/\/cibumcr.com\/en\/?s={search_term_string}\"},\"query-input\":{\"@type\":\"PropertyValueSpecification\",\"valueRequired\":true,\"valueName\":\"search_term_string\"}}],\"inLanguage\":\"en-US\"},{\"@type\":\"Organization\",\"@id\":\"https:\/\/cibumcr.com\/en\/#organization\",\"name\":\"Cibum\",\"url\":\"https:\/\/cibumcr.com\/en\/\",\"logo\":{\"@type\":\"ImageObject\",\"inLanguage\":\"en-US\",\"@id\":\"https:\/\/cibumcr.com\/en\/#\/schema\/logo\/image\/\",\"url\":\"https:\/\/cibumcr.com\/wp-content\/uploads\/2020\/02\/logo.jpg\",\"contentUrl\":\"https:\/\/cibumcr.com\/wp-content\/uploads\/2020\/02\/logo.jpg\",\"width\":417,\"height\":417,\"caption\":\"Cibum\"},\"image\":{\"@id\":\"https:\/\/cibumcr.com\/en\/#\/schema\/logo\/image\/\"}}]}<\/script>\n<!-- \/ Yoast SEO plugin. -->","yoast_head_json":{"title":"Maracuy\u00e1 \u2013 Mango - Cibum","description":"La Gelatina Maracuy\u00e1 \u2013 Mango es la manera m\u00e1s f\u00e1cil y divertida de comer gelatina donde quiera que est\u00e9s. \u00a1Deliciosa por supuesto!","robots":{"index":"index","follow":"follow","max-snippet":"max-snippet:-1","max-image-preview":"max-image-preview:large","max-video-preview":"max-video-preview:-1"},"canonical":"https:\/\/cibumcr.com\/en\/product\/maracuya-mango\/","og_locale":"en_US","og_type":"article","og_title":"Maracuy\u00e1 \u2013 Mango - Cibum","og_description":"La Gelatina Maracuy\u00e1 \u2013 Mango es la manera m\u00e1s f\u00e1cil y divertida de comer gelatina donde quiera que est\u00e9s. \u00a1Deliciosa por supuesto!","og_url":"https:\/\/cibumcr.com\/en\/product\/maracuya-mango\/","og_site_name":"Cibum","article_modified_time":"2021-12-13T23:36:23+00:00","og_image":[{"width":800,"height":800,"url":"https:\/\/cibumcr.com\/wp-content\/uploads\/2021\/10\/Mango-Maracuya-Mockup-1.png","type":"image\/png"}],"twitter_card":"summary_large_image","schema":{"@context":"https:\/\/schema.org","@graph":[{"@type":"WebPage","@id":"https:\/\/cibumcr.com\/en\/product\/maracuya-mango\/","url":"https:\/\/cibumcr.com\/en\/product\/maracuya-mango\/","name":"Maracuy\u00e1 \u2013 Mango - Cibum","isPartOf":{"@id":"https:\/\/cibumcr.com\/en\/#website"},"primaryImageOfPage":{"@id":"https:\/\/cibumcr.com\/en\/product\/maracuya-mango\/#primaryimage"},"image":{"@id":"https:\/\/cibumcr.com\/en\/product\/maracuya-mango\/#primaryimage"},"thumbnailUrl":"https:\/\/cibumcr.com\/wp-content\/uploads\/2021\/10\/Mango-Maracuya-Mockup-1.png","datePublished":"2021-10-07T03:49:00+00:00","dateModified":"2021-12-13T23:36:23+00:00","description":"La Gelatina Maracuy\u00e1 \u2013 Mango es la manera m\u00e1s f\u00e1cil y divertida de comer gelatina donde quiera que est\u00e9s. \u00a1Deliciosa por supuesto!","breadcrumb":{"@id":"https:\/\/cibumcr.com\/en\/product\/maracuya-mango\/#breadcrumb"},"inLanguage":"en-US","potentialAction":[{"@type":"ReadAction","target":["https:\/\/cibumcr.com\/en\/product\/maracuya-mango\/"]}]},{"@type":"ImageObject","inLanguage":"en-US","@id":"https:\/\/cibumcr.com\/en\/product\/maracuya-mango\/#primaryimage","url":"https:\/\/cibumcr.com\/wp-content\/uploads\/2021\/10\/Mango-Maracuya-Mockup-1.png","contentUrl":"https:\/\/cibumcr.com\/wp-content\/uploads\/2021\/10\/Mango-Maracuya-Mockup-1.png","width":800,"height":800},{"@type":"BreadcrumbList","@id":"https:\/\/cibumcr.com\/en\/product\/maracuya-mango\/#breadcrumb","itemListElement":[{"@type":"ListItem","position":1,"name":"Portada","item":"https:\/\/cibumcr.com\/en\/"},{"@type":"ListItem","position":2,"name":"Products","item":"https:\/\/cibumcr.com\/en\/shop\/"},{"@type":"ListItem","position":3,"name":"Maracuy\u00e1 \u2013 Mango"}]},{"@type":"WebSite","@id":"https:\/\/cibumcr.com\/en\/#website","url":"https:\/\/cibumcr.com\/en\/","name":"Cibum","description":"100% Natural","publisher":{"@id":"https:\/\/cibumcr.com\/en\/#organization"},"potentialAction":[{"@type":"SearchAction","target":{"@type":"EntryPoint","urlTemplate":"https:\/\/cibumcr.com\/en\/?s={search_term_string}"},"query-input":{"@type":"PropertyValueSpecification","valueRequired":true,"valueName":"search_term_string"}}],"inLanguage":"en-US"},{"@type":"Organization","@id":"https:\/\/cibumcr.com\/en\/#organization","name":"Cibum","url":"https:\/\/cibumcr.com\/en\/","logo":{"@type":"ImageObject","inLanguage":"en-US","@id":"https:\/\/cibumcr.com\/en\/#\/schema\/logo\/image\/","url":"https:\/\/cibumcr.com\/wp-content\/uploads\/2020\/02\/logo.jpg","contentUrl":"https:\/\/cibumcr.com\/wp-content\/uploads\/2020\/02\/logo.jpg","width":417,"height":417,"caption":"Cibum"},"image":{"@id":"https:\/\/cibumcr.com\/en\/#\/schema\/logo\/image\/"}}]}},"_links":{"self":[{"href":"https:\/\/cibumcr.com\/en\/wp-json\/wp\/v2\/product\/3212","targetHints":{"allow":["GET"]}}],"collection":[{"href":"https:\/\/cibumcr.com\/en\/wp-json\/wp\/v2\/product"}],"about":[{"href":"https:\/\/cibumcr.com\/en\/wp-json\/wp\/v2\/types\/product"}],"wp:featuredmedia":[{"embeddable":true,"href":"https:\/\/cibumcr.com\/en\/wp-json\/wp\/v2\/media\/3975"}],"wp:attachment":[{"href":"https:\/\/cibumcr.com\/en\/wp-json\/wp\/v2\/media?parent=3212"}],"wp:term":[{"taxonomy":"product_brand","embeddable":true,"href":"https:\/\/cibumcr.com\/en\/wp-json\/wp\/v2\/product_brand?post=3212"},{"taxonomy":"product_cat","embeddable":true,"href":"https:\/\/cibumcr.com\/en\/wp-json\/wp\/v2\/product_cat?post=3212"},{"taxonomy":"product_tag","embeddable":true,"href":"https:\/\/cibumcr.com\/en\/wp-json\/wp\/v2\/product_tag?post=3212"}],"curies":[{"name":"wp","href":"https:\/\/api.w.org\/{rel}","templated":true}]}}