{"id":1943,"date":"2021-09-25T02:47:22","date_gmt":"2021-09-25T02:47:22","guid":{"rendered":"https:\/\/cibumcr.com\/?post_type=product&#038;p=1943"},"modified":"2021-11-10T19:34:23","modified_gmt":"2021-11-10T19:34:23","slug":"fruit-snacks-fruti-amigos-globales","status":"publish","type":"product","link":"https:\/\/cibumcr.com\/en\/product\/fruit-snacks-fruti-amigos-globales\/","title":{"rendered":"Fruity Global Buddies + DHA"},"content":{"rendered":"","protected":false},"excerpt":{"rendered":"<div class=\"col-sm-12\">\n<h4>For a sharp mind<\/h4>\n<p style=\"text-align: justify;\">Cibum\u2018s Fruity Global buddies with DHA is fun! It provides children with an extra dose of brain-boosting nutrition and delights their palate with delicious apple and banana.<\/p>\n<div class=\"tab\" style=\"display: flex;\"><a class=\"tablinks openTabs active\" style=\"margin-right: 20px; cursor: pointer;\" title=\"Ingredients\"><img decoding=\"async\" class=\"alignnone\" style=\"height: 70px;\" src=\"https:\/\/cibumcr.com\/wp-content\/uploads\/2021\/10\/Ingredientes-en-1.svg\" data-id=\"ingredientes\" \/><\/a><a class=\"tablinks openTabs\" style=\"margin-right: 20px; cursor: pointer;\" title=\"Product Detail\"><img decoding=\"async\" style=\"height: 70px;\" src=\"https:\/\/cibumcr.com\/wp-content\/uploads\/2021\/10\/Detalles-en-1.svg\" data-id=\"detalle\" \/><\/a><a class=\"tablinks openTabs\" style=\"cursor: pointer;\" title=\"Indications of Use\"><img decoding=\"async\" style=\"height: 70px;\" src=\"https:\/\/cibumcr.com\/wp-content\/uploads\/2021\/10\/Indicaciones-en-1.svg\" data-id=\"indicaciones\" \/><\/a><\/div>\n<div id=\"ingredientes\" class=\"tabcontent\">\n<h4>Ingredients<\/h4>\n<ul>\n<li>Apple puree from concentrate<\/li>\n<li>Banana puree.<\/li>\n<li>DHA-rich\nalgal oil (oil from the micro-algae Schizochytrium sp., lecithins from\nsoybean (emulsifier) and acid casein from milk),<\/li>\n<li>Citric Acid (Acidifier).<\/li>\n<li>Vitamin C.<\/li>\n<li>Allergens: soy and milk.<\/li>\n<\/ul>\n<\/div>\n<div id=\"detalle\" class=\"tabcontent\" style=\"display: none;\">\n<h4>Product Detail<\/h4>\n<ul>\n<li>For children aged 4 years and older.<\/li>\n<li>No sugar added, contains naturally occurring sugars.<\/li>\n<li>No preservatives.<\/li>\n<li>No artificial flavors.<\/li>\n<li>No artificial colors.<\/li>\n<li>Flexible 100g pouch.<\/li>\n<li>Ready to eat pasteurized product.<\/li>\n<\/ul>\n<\/div>\n<div id=\"indicaciones\" class=\"tabcontent\" style=\"display: none;\">\n<h4>Indications of Use<\/h4>\n<ul>\n<li>Store it in a cool place.<\/li>\n<li>Shake well.<\/li>\n<li>Refrigerate after opening and serve within 24 hours.<\/li>\n<li>Reject if this pouch is damaged or inflated.<\/li>\n<li>Do not boil, microwave, or freeze this pouch.<\/li>\n<\/ul>\n<\/div>\n<\/div>","protected":false},"featured_media":1940,"template":"","meta":{"om_disable_all_campaigns":false},"product_brand":[],"product_cat":[25],"product_tag":[],"class_list":{"0":"post-1943","1":"product","2":"type-product","3":"status-publish","4":"has-post-thumbnail","6":"product_cat-kids-fruits-blends","8":"first","9":"instock","10":"shipping-taxable","11":"product-type-simple"},"yoast_head":"<!-- This site is optimized with the Yoast SEO plugin v26.9 - https:\/\/yoast.com\/product\/yoast-seo-wordpress\/ -->\n<title>Fruti Amigos Globales + DHA - Cibum<\/title>\n<meta name=\"description\" content=\"Fruti Amigos Globales de Cibum ayudar\u00e1 a los ni\u00f1os grandes a mejorar su digesti\u00f3n para tener un estomaguito alegre + DHA.\" \/>\n<meta name=\"robots\" content=\"index, follow, max-snippet:-1, max-image-preview:large, max-video-preview:-1\" \/>\n<link rel=\"canonical\" href=\"https:\/\/cibumcr.com\/en\/product\/fruit-snacks-fruti-amigos-globales\/\" \/>\n<meta property=\"og:locale\" content=\"en_US\" \/>\n<meta property=\"og:type\" content=\"article\" \/>\n<meta property=\"og:title\" content=\"Fruti Amigos Globales + DHA - Cibum\" \/>\n<meta property=\"og:description\" content=\"Fruti Amigos Globales de Cibum ayudar\u00e1 a los ni\u00f1os grandes a mejorar su digesti\u00f3n para tener un estomaguito alegre + DHA.\" \/>\n<meta property=\"og:url\" content=\"https:\/\/cibumcr.com\/en\/product\/fruit-snacks-fruti-amigos-globales\/\" \/>\n<meta property=\"og:site_name\" content=\"Cibum\" \/>\n<meta property=\"article:modified_time\" content=\"2021-11-10T19:34:23+00:00\" \/>\n<meta property=\"og:image\" content=\"https:\/\/cibumcr.com\/wp-content\/uploads\/2021\/09\/Fruity-Global-Buddies.png\" \/>\n\t<meta property=\"og:image:width\" content=\"800\" \/>\n\t<meta property=\"og:image:height\" content=\"800\" \/>\n\t<meta property=\"og:image:type\" content=\"image\/png\" \/>\n<meta name=\"twitter:card\" content=\"summary_large_image\" \/>\n<script type=\"application\/ld+json\" class=\"yoast-schema-graph\">{\"@context\":\"https:\/\/schema.org\",\"@graph\":[{\"@type\":\"WebPage\",\"@id\":\"https:\/\/cibumcr.com\/producto\/fruit-snacks-fruti-amigos-globales\/\",\"url\":\"https:\/\/cibumcr.com\/producto\/fruit-snacks-fruti-amigos-globales\/\",\"name\":\"Fruti Amigos Globales + DHA - Cibum\",\"isPartOf\":{\"@id\":\"https:\/\/cibumcr.com\/en\/#website\"},\"primaryImageOfPage\":{\"@id\":\"https:\/\/cibumcr.com\/producto\/fruit-snacks-fruti-amigos-globales\/#primaryimage\"},\"image\":{\"@id\":\"https:\/\/cibumcr.com\/producto\/fruit-snacks-fruti-amigos-globales\/#primaryimage\"},\"thumbnailUrl\":\"https:\/\/cibumcr.com\/wp-content\/uploads\/2021\/09\/Fruity-Global-Buddies.png\",\"datePublished\":\"2021-09-25T02:47:22+00:00\",\"dateModified\":\"2021-11-10T19:34:23+00:00\",\"description\":\"Fruti Amigos Globales de Cibum ayudar\u00e1 a los ni\u00f1os grandes a mejorar su digesti\u00f3n para tener un estomaguito alegre + DHA.\",\"breadcrumb\":{\"@id\":\"https:\/\/cibumcr.com\/producto\/fruit-snacks-fruti-amigos-globales\/#breadcrumb\"},\"inLanguage\":\"en-US\",\"potentialAction\":[{\"@type\":\"ReadAction\",\"target\":[\"https:\/\/cibumcr.com\/producto\/fruit-snacks-fruti-amigos-globales\/\"]}]},{\"@type\":\"ImageObject\",\"inLanguage\":\"en-US\",\"@id\":\"https:\/\/cibumcr.com\/producto\/fruit-snacks-fruti-amigos-globales\/#primaryimage\",\"url\":\"https:\/\/cibumcr.com\/wp-content\/uploads\/2021\/09\/Fruity-Global-Buddies.png\",\"contentUrl\":\"https:\/\/cibumcr.com\/wp-content\/uploads\/2021\/09\/Fruity-Global-Buddies.png\",\"width\":800,\"height\":800},{\"@type\":\"BreadcrumbList\",\"@id\":\"https:\/\/cibumcr.com\/producto\/fruit-snacks-fruti-amigos-globales\/#breadcrumb\",\"itemListElement\":[{\"@type\":\"ListItem\",\"position\":1,\"name\":\"Portada\",\"item\":\"https:\/\/cibumcr.com\/en\/\"},{\"@type\":\"ListItem\",\"position\":2,\"name\":\"Products\",\"item\":\"https:\/\/cibumcr.com\/en\/shop\/\"},{\"@type\":\"ListItem\",\"position\":3,\"name\":\"Fruti Amigos Globales + DHA\"}]},{\"@type\":\"WebSite\",\"@id\":\"https:\/\/cibumcr.com\/en\/#website\",\"url\":\"https:\/\/cibumcr.com\/en\/\",\"name\":\"Cibum\",\"description\":\"100% Natural\",\"publisher\":{\"@id\":\"https:\/\/cibumcr.com\/en\/#organization\"},\"potentialAction\":[{\"@type\":\"SearchAction\",\"target\":{\"@type\":\"EntryPoint\",\"urlTemplate\":\"https:\/\/cibumcr.com\/en\/?s={search_term_string}\"},\"query-input\":{\"@type\":\"PropertyValueSpecification\",\"valueRequired\":true,\"valueName\":\"search_term_string\"}}],\"inLanguage\":\"en-US\"},{\"@type\":\"Organization\",\"@id\":\"https:\/\/cibumcr.com\/en\/#organization\",\"name\":\"Cibum\",\"url\":\"https:\/\/cibumcr.com\/en\/\",\"logo\":{\"@type\":\"ImageObject\",\"inLanguage\":\"en-US\",\"@id\":\"https:\/\/cibumcr.com\/en\/#\/schema\/logo\/image\/\",\"url\":\"https:\/\/cibumcr.com\/wp-content\/uploads\/2020\/02\/logo.jpg\",\"contentUrl\":\"https:\/\/cibumcr.com\/wp-content\/uploads\/2020\/02\/logo.jpg\",\"width\":417,\"height\":417,\"caption\":\"Cibum\"},\"image\":{\"@id\":\"https:\/\/cibumcr.com\/en\/#\/schema\/logo\/image\/\"}}]}<\/script>\n<!-- \/ Yoast SEO plugin. -->","yoast_head_json":{"title":"Fruti Amigos Globales + DHA - Cibum","description":"Fruti Amigos Globales de Cibum ayudar\u00e1 a los ni\u00f1os grandes a mejorar su digesti\u00f3n para tener un estomaguito alegre + DHA.","robots":{"index":"index","follow":"follow","max-snippet":"max-snippet:-1","max-image-preview":"max-image-preview:large","max-video-preview":"max-video-preview:-1"},"canonical":"https:\/\/cibumcr.com\/en\/product\/fruit-snacks-fruti-amigos-globales\/","og_locale":"en_US","og_type":"article","og_title":"Fruti Amigos Globales + DHA - Cibum","og_description":"Fruti Amigos Globales de Cibum ayudar\u00e1 a los ni\u00f1os grandes a mejorar su digesti\u00f3n para tener un estomaguito alegre + DHA.","og_url":"https:\/\/cibumcr.com\/en\/product\/fruit-snacks-fruti-amigos-globales\/","og_site_name":"Cibum","article_modified_time":"2021-11-10T19:34:23+00:00","og_image":[{"width":800,"height":800,"url":"https:\/\/cibumcr.com\/wp-content\/uploads\/2021\/09\/Fruity-Global-Buddies.png","type":"image\/png"}],"twitter_card":"summary_large_image","schema":{"@context":"https:\/\/schema.org","@graph":[{"@type":"WebPage","@id":"https:\/\/cibumcr.com\/producto\/fruit-snacks-fruti-amigos-globales\/","url":"https:\/\/cibumcr.com\/producto\/fruit-snacks-fruti-amigos-globales\/","name":"Fruti Amigos Globales + DHA - Cibum","isPartOf":{"@id":"https:\/\/cibumcr.com\/en\/#website"},"primaryImageOfPage":{"@id":"https:\/\/cibumcr.com\/producto\/fruit-snacks-fruti-amigos-globales\/#primaryimage"},"image":{"@id":"https:\/\/cibumcr.com\/producto\/fruit-snacks-fruti-amigos-globales\/#primaryimage"},"thumbnailUrl":"https:\/\/cibumcr.com\/wp-content\/uploads\/2021\/09\/Fruity-Global-Buddies.png","datePublished":"2021-09-25T02:47:22+00:00","dateModified":"2021-11-10T19:34:23+00:00","description":"Fruti Amigos Globales de Cibum ayudar\u00e1 a los ni\u00f1os grandes a mejorar su digesti\u00f3n para tener un estomaguito alegre + DHA.","breadcrumb":{"@id":"https:\/\/cibumcr.com\/producto\/fruit-snacks-fruti-amigos-globales\/#breadcrumb"},"inLanguage":"en-US","potentialAction":[{"@type":"ReadAction","target":["https:\/\/cibumcr.com\/producto\/fruit-snacks-fruti-amigos-globales\/"]}]},{"@type":"ImageObject","inLanguage":"en-US","@id":"https:\/\/cibumcr.com\/producto\/fruit-snacks-fruti-amigos-globales\/#primaryimage","url":"https:\/\/cibumcr.com\/wp-content\/uploads\/2021\/09\/Fruity-Global-Buddies.png","contentUrl":"https:\/\/cibumcr.com\/wp-content\/uploads\/2021\/09\/Fruity-Global-Buddies.png","width":800,"height":800},{"@type":"BreadcrumbList","@id":"https:\/\/cibumcr.com\/producto\/fruit-snacks-fruti-amigos-globales\/#breadcrumb","itemListElement":[{"@type":"ListItem","position":1,"name":"Portada","item":"https:\/\/cibumcr.com\/en\/"},{"@type":"ListItem","position":2,"name":"Products","item":"https:\/\/cibumcr.com\/en\/shop\/"},{"@type":"ListItem","position":3,"name":"Fruti Amigos Globales + DHA"}]},{"@type":"WebSite","@id":"https:\/\/cibumcr.com\/en\/#website","url":"https:\/\/cibumcr.com\/en\/","name":"Cibum","description":"100% Natural","publisher":{"@id":"https:\/\/cibumcr.com\/en\/#organization"},"potentialAction":[{"@type":"SearchAction","target":{"@type":"EntryPoint","urlTemplate":"https:\/\/cibumcr.com\/en\/?s={search_term_string}"},"query-input":{"@type":"PropertyValueSpecification","valueRequired":true,"valueName":"search_term_string"}}],"inLanguage":"en-US"},{"@type":"Organization","@id":"https:\/\/cibumcr.com\/en\/#organization","name":"Cibum","url":"https:\/\/cibumcr.com\/en\/","logo":{"@type":"ImageObject","inLanguage":"en-US","@id":"https:\/\/cibumcr.com\/en\/#\/schema\/logo\/image\/","url":"https:\/\/cibumcr.com\/wp-content\/uploads\/2020\/02\/logo.jpg","contentUrl":"https:\/\/cibumcr.com\/wp-content\/uploads\/2020\/02\/logo.jpg","width":417,"height":417,"caption":"Cibum"},"image":{"@id":"https:\/\/cibumcr.com\/en\/#\/schema\/logo\/image\/"}}]}},"_links":{"self":[{"href":"https:\/\/cibumcr.com\/en\/wp-json\/wp\/v2\/product\/1943","targetHints":{"allow":["GET"]}}],"collection":[{"href":"https:\/\/cibumcr.com\/en\/wp-json\/wp\/v2\/product"}],"about":[{"href":"https:\/\/cibumcr.com\/en\/wp-json\/wp\/v2\/types\/product"}],"wp:featuredmedia":[{"embeddable":true,"href":"https:\/\/cibumcr.com\/en\/wp-json\/wp\/v2\/media\/1940"}],"wp:attachment":[{"href":"https:\/\/cibumcr.com\/en\/wp-json\/wp\/v2\/media?parent=1943"}],"wp:term":[{"taxonomy":"product_brand","embeddable":true,"href":"https:\/\/cibumcr.com\/en\/wp-json\/wp\/v2\/product_brand?post=1943"},{"taxonomy":"product_cat","embeddable":true,"href":"https:\/\/cibumcr.com\/en\/wp-json\/wp\/v2\/product_cat?post=1943"},{"taxonomy":"product_tag","embeddable":true,"href":"https:\/\/cibumcr.com\/en\/wp-json\/wp\/v2\/product_tag?post=1943"}],"curies":[{"name":"wp","href":"https:\/\/api.w.org\/{rel}","templated":true}]}}