{"id":1925,"date":"2021-09-25T01:50:27","date_gmt":"2021-09-25T01:50:27","guid":{"rendered":"https:\/\/cibumcr.com\/?post_type=product&#038;p=1925"},"modified":"2021-12-13T23:11:37","modified_gmt":"2021-12-13T23:11:37","slug":"fruit-smoothie-manzana-papaya","status":"publish","type":"product","link":"https:\/\/cibumcr.com\/en\/product\/fruit-smoothie-manzana-papaya\/","title":{"rendered":"Apple - Papaya + Fiber"},"content":{"rendered":"","protected":false},"excerpt":{"rendered":"<div class=\"col-sm-12\">\n<h4>For a happy and healthy gut<\/h4>\n<p style=\"text-align: justify;\">Apple and Papaya Cibum\u2019s smoothie with additional fiber is a real treat for your digestive system.<\/p>\n<div class=\"tab\" style=\"display: flex;\"><a class=\"tablinks openTabs active\" style=\"margin-right: 20px; cursor: pointer;\" title=\"Ingredients\"><img decoding=\"async\" class=\"alignnone\" style=\"height: 70px;\" src=\"https:\/\/cibumcr.com\/wp-content\/uploads\/2021\/10\/Ingredientes-en-1.svg\" data-id=\"ingredientes\" \/><\/a><a class=\"tablinks openTabs\" style=\"margin-right: 20px; cursor: pointer;\" title=\"Product Detail\"><img decoding=\"async\" style=\"height: 70px;\" src=\"https:\/\/cibumcr.com\/wp-content\/uploads\/2021\/10\/Detalles-en-1.svg\" data-id=\"detalle\" \/><\/a><a class=\"tablinks openTabs\" style=\"cursor: pointer;\" title=\"Indications of Use\"><img decoding=\"async\" style=\"height: 70px;\" src=\"https:\/\/cibumcr.com\/wp-content\/uploads\/2021\/10\/Indicaciones-en-1.svg\" data-id=\"indicaciones\" \/><\/a><\/div>\n<div id=\"ingredientes\" class=\"tabcontent\">\n<h4>Ingredients<\/h4>\n<ul>\n<li>Water<\/li>\n<li>Apple puree from concentrate<\/li>\n<li>Papaya puree<\/li>\n<li>Fiber.<\/li>\n<li>Citric Acid (Acidifier)<\/li>\n<li>Xanthan Gum (Stabilizer).<\/li>\n<li>Vitamin C.<\/li>\n<li>Turmeric.<\/li>\n<li>Stevia (Natural Sweetener).<\/li>\n<li>Carmine (natural colourant).<\/li>\n<\/ul>\n<\/div>\n<div id=\"detalle\" class=\"tabcontent\" style=\"display: none;\">\n<h4>Product Detail<\/h4>\n<ul>\n<li>For adults and children aged 4 years and older.<\/li>\n<li>No sugar added, contains naturally occurring sugars.<\/li>\n<li>No preservatives.<\/li>\n<li>No artificial colors.<\/li>\n<li>Flexible 120g pouch.<\/li>\n<li>Ready to eat pasteurized product.<\/li>\n<\/ul>\n<\/div>\n<div id=\"indicaciones\" class=\"tabcontent\" style=\"display: none;\">\n<h4>Indications of Use<\/h4>\n<ul>\n<li>Store in a cool place.<\/li>\n<li>Shake well.<\/li>\n<li>Refrigerate after opening and serve within 24 hours.<\/li>\n<li>Reject if this pouch is damaged or inflated.<\/li>\n<li>Do not boil, microwave, or freeze this pouch.<\/li>\n<\/ul>\n<\/div>\n<\/div>","protected":false},"featured_media":3545,"template":"","meta":{"om_disable_all_campaigns":false},"product_brand":[],"product_cat":[27],"product_tag":[],"class_list":{"0":"post-1925","1":"product","2":"type-product","3":"status-publish","4":"has-post-thumbnail","6":"product_cat-smoothies","8":"first","9":"instock","10":"shipping-taxable","11":"product-type-simple"},"yoast_head":"<!-- This site is optimized with the Yoast SEO plugin v26.9 - https:\/\/yoast.com\/product\/yoast-seo-wordpress\/ -->\n<title>Manzana - Papaya + Fibra - Cibum<\/title>\n<meta name=\"robots\" content=\"index, follow, max-snippet:-1, max-image-preview:large, max-video-preview:-1\" \/>\n<link rel=\"canonical\" href=\"https:\/\/cibumcr.com\/en\/product\/fruit-smoothie-manzana-papaya\/\" \/>\n<meta property=\"og:locale\" content=\"en_US\" \/>\n<meta property=\"og:type\" content=\"article\" \/>\n<meta property=\"og:title\" content=\"Manzana - Papaya + Fibra - Cibum\" \/>\n<meta property=\"og:description\" content=\"Para un intestino feliz y saludable El Smoothie de manzana y papaya Cibum con fibra adicional es un verdadero placer para su sistema digestivo.    Ingredientes   Agua  Pulpa de manzana de concentrado  Pulpa de papaya  Fibra.  \u00c1cido c\u00edtrico (acidificante).  Goma xantana (estabilizante).  Vitamina C.  C\u00farcuma.  Estevia (endulzante natural).  Carm\u00edn (colorante natural)    Detalle del Producto   Para adultos y ni\u00f1os de 4 a\u00f1os en adelante.  Sin az\u00facar a\u00f1adido, solo los naturalmente presentes en la fruta.  Sin conservantes.  Sin colorantes artificiales.  Bolsita flexible de 120 g .  Producto pasteurizado listo para consumir.    Indicaciones de Uso   Almacenar en un lugar fresco.  Agitar bien.  Refrigerar despu\u00e9s de abrir y servir antes de 24 horas.  Rechace si esta bolsita est\u00e1 da\u00f1ada o inflada.  No hierva, ni caliente en el microondas, ni congele esta bolsita.\" \/>\n<meta property=\"og:url\" content=\"https:\/\/cibumcr.com\/en\/product\/fruit-smoothie-manzana-papaya\/\" \/>\n<meta property=\"og:site_name\" content=\"Cibum\" \/>\n<meta property=\"article:modified_time\" content=\"2021-12-13T23:11:37+00:00\" \/>\n<meta property=\"og:image\" content=\"https:\/\/cibumcr.com\/wp-content\/uploads\/2021\/09\/Smoothie-Manzana-Papaya-e1633995194984.jpg\" \/>\n\t<meta property=\"og:image:width\" content=\"800\" \/>\n\t<meta property=\"og:image:height\" content=\"800\" \/>\n\t<meta property=\"og:image:type\" content=\"image\/jpeg\" \/>\n<meta name=\"twitter:card\" content=\"summary_large_image\" \/>\n<script type=\"application\/ld+json\" class=\"yoast-schema-graph\">{\"@context\":\"https:\/\/schema.org\",\"@graph\":[{\"@type\":\"WebPage\",\"@id\":\"https:\/\/cibumcr.com\/en\/product\/fruit-smoothie-manzana-papaya\/\",\"url\":\"https:\/\/cibumcr.com\/en\/product\/fruit-smoothie-manzana-papaya\/\",\"name\":\"Manzana - Papaya + Fibra - Cibum\",\"isPartOf\":{\"@id\":\"https:\/\/cibumcr.com\/en\/#website\"},\"primaryImageOfPage\":{\"@id\":\"https:\/\/cibumcr.com\/en\/product\/fruit-smoothie-manzana-papaya\/#primaryimage\"},\"image\":{\"@id\":\"https:\/\/cibumcr.com\/en\/product\/fruit-smoothie-manzana-papaya\/#primaryimage\"},\"thumbnailUrl\":\"https:\/\/cibumcr.com\/wp-content\/uploads\/2021\/09\/Smoothie-Manzana-Papaya-e1633995194984.jpg\",\"datePublished\":\"2021-09-25T01:50:27+00:00\",\"dateModified\":\"2021-12-13T23:11:37+00:00\",\"breadcrumb\":{\"@id\":\"https:\/\/cibumcr.com\/en\/product\/fruit-smoothie-manzana-papaya\/#breadcrumb\"},\"inLanguage\":\"en-US\",\"potentialAction\":[{\"@type\":\"ReadAction\",\"target\":[\"https:\/\/cibumcr.com\/en\/product\/fruit-smoothie-manzana-papaya\/\"]}]},{\"@type\":\"ImageObject\",\"inLanguage\":\"en-US\",\"@id\":\"https:\/\/cibumcr.com\/en\/product\/fruit-smoothie-manzana-papaya\/#primaryimage\",\"url\":\"https:\/\/cibumcr.com\/wp-content\/uploads\/2021\/09\/Smoothie-Manzana-Papaya-e1633995194984.jpg\",\"contentUrl\":\"https:\/\/cibumcr.com\/wp-content\/uploads\/2021\/09\/Smoothie-Manzana-Papaya-e1633995194984.jpg\",\"width\":800,\"height\":800},{\"@type\":\"BreadcrumbList\",\"@id\":\"https:\/\/cibumcr.com\/en\/product\/fruit-smoothie-manzana-papaya\/#breadcrumb\",\"itemListElement\":[{\"@type\":\"ListItem\",\"position\":1,\"name\":\"Portada\",\"item\":\"https:\/\/cibumcr.com\/en\/\"},{\"@type\":\"ListItem\",\"position\":2,\"name\":\"Products\",\"item\":\"https:\/\/cibumcr.com\/en\/shop\/\"},{\"@type\":\"ListItem\",\"position\":3,\"name\":\"Manzana &#8211; Papaya + Fibra\"}]},{\"@type\":\"WebSite\",\"@id\":\"https:\/\/cibumcr.com\/en\/#website\",\"url\":\"https:\/\/cibumcr.com\/en\/\",\"name\":\"Cibum\",\"description\":\"100% Natural\",\"publisher\":{\"@id\":\"https:\/\/cibumcr.com\/en\/#organization\"},\"potentialAction\":[{\"@type\":\"SearchAction\",\"target\":{\"@type\":\"EntryPoint\",\"urlTemplate\":\"https:\/\/cibumcr.com\/en\/?s={search_term_string}\"},\"query-input\":{\"@type\":\"PropertyValueSpecification\",\"valueRequired\":true,\"valueName\":\"search_term_string\"}}],\"inLanguage\":\"en-US\"},{\"@type\":\"Organization\",\"@id\":\"https:\/\/cibumcr.com\/en\/#organization\",\"name\":\"Cibum\",\"url\":\"https:\/\/cibumcr.com\/en\/\",\"logo\":{\"@type\":\"ImageObject\",\"inLanguage\":\"en-US\",\"@id\":\"https:\/\/cibumcr.com\/en\/#\/schema\/logo\/image\/\",\"url\":\"https:\/\/cibumcr.com\/wp-content\/uploads\/2020\/02\/logo.jpg\",\"contentUrl\":\"https:\/\/cibumcr.com\/wp-content\/uploads\/2020\/02\/logo.jpg\",\"width\":417,\"height\":417,\"caption\":\"Cibum\"},\"image\":{\"@id\":\"https:\/\/cibumcr.com\/en\/#\/schema\/logo\/image\/\"}}]}<\/script>\n<!-- \/ Yoast SEO plugin. -->","yoast_head_json":{"title":"Manzana - Papaya + Fibra - Cibum","robots":{"index":"index","follow":"follow","max-snippet":"max-snippet:-1","max-image-preview":"max-image-preview:large","max-video-preview":"max-video-preview:-1"},"canonical":"https:\/\/cibumcr.com\/en\/product\/fruit-smoothie-manzana-papaya\/","og_locale":"en_US","og_type":"article","og_title":"Manzana - Papaya + Fibra - Cibum","og_description":"Para un intestino feliz y saludable El Smoothie de manzana y papaya Cibum con fibra adicional es un verdadero placer para su sistema digestivo.    Ingredientes   Agua  Pulpa de manzana de concentrado  Pulpa de papaya  Fibra.  \u00c1cido c\u00edtrico (acidificante).  Goma xantana (estabilizante).  Vitamina C.  C\u00farcuma.  Estevia (endulzante natural).  Carm\u00edn (colorante natural)    Detalle del Producto   Para adultos y ni\u00f1os de 4 a\u00f1os en adelante.  Sin az\u00facar a\u00f1adido, solo los naturalmente presentes en la fruta.  Sin conservantes.  Sin colorantes artificiales.  Bolsita flexible de 120 g .  Producto pasteurizado listo para consumir.    Indicaciones de Uso   Almacenar en un lugar fresco.  Agitar bien.  Refrigerar despu\u00e9s de abrir y servir antes de 24 horas.  Rechace si esta bolsita est\u00e1 da\u00f1ada o inflada.  No hierva, ni caliente en el microondas, ni congele esta bolsita.","og_url":"https:\/\/cibumcr.com\/en\/product\/fruit-smoothie-manzana-papaya\/","og_site_name":"Cibum","article_modified_time":"2021-12-13T23:11:37+00:00","og_image":[{"width":800,"height":800,"url":"https:\/\/cibumcr.com\/wp-content\/uploads\/2021\/09\/Smoothie-Manzana-Papaya-e1633995194984.jpg","type":"image\/jpeg"}],"twitter_card":"summary_large_image","schema":{"@context":"https:\/\/schema.org","@graph":[{"@type":"WebPage","@id":"https:\/\/cibumcr.com\/en\/product\/fruit-smoothie-manzana-papaya\/","url":"https:\/\/cibumcr.com\/en\/product\/fruit-smoothie-manzana-papaya\/","name":"Manzana - Papaya + Fibra - Cibum","isPartOf":{"@id":"https:\/\/cibumcr.com\/en\/#website"},"primaryImageOfPage":{"@id":"https:\/\/cibumcr.com\/en\/product\/fruit-smoothie-manzana-papaya\/#primaryimage"},"image":{"@id":"https:\/\/cibumcr.com\/en\/product\/fruit-smoothie-manzana-papaya\/#primaryimage"},"thumbnailUrl":"https:\/\/cibumcr.com\/wp-content\/uploads\/2021\/09\/Smoothie-Manzana-Papaya-e1633995194984.jpg","datePublished":"2021-09-25T01:50:27+00:00","dateModified":"2021-12-13T23:11:37+00:00","breadcrumb":{"@id":"https:\/\/cibumcr.com\/en\/product\/fruit-smoothie-manzana-papaya\/#breadcrumb"},"inLanguage":"en-US","potentialAction":[{"@type":"ReadAction","target":["https:\/\/cibumcr.com\/en\/product\/fruit-smoothie-manzana-papaya\/"]}]},{"@type":"ImageObject","inLanguage":"en-US","@id":"https:\/\/cibumcr.com\/en\/product\/fruit-smoothie-manzana-papaya\/#primaryimage","url":"https:\/\/cibumcr.com\/wp-content\/uploads\/2021\/09\/Smoothie-Manzana-Papaya-e1633995194984.jpg","contentUrl":"https:\/\/cibumcr.com\/wp-content\/uploads\/2021\/09\/Smoothie-Manzana-Papaya-e1633995194984.jpg","width":800,"height":800},{"@type":"BreadcrumbList","@id":"https:\/\/cibumcr.com\/en\/product\/fruit-smoothie-manzana-papaya\/#breadcrumb","itemListElement":[{"@type":"ListItem","position":1,"name":"Portada","item":"https:\/\/cibumcr.com\/en\/"},{"@type":"ListItem","position":2,"name":"Products","item":"https:\/\/cibumcr.com\/en\/shop\/"},{"@type":"ListItem","position":3,"name":"Manzana &#8211; Papaya + Fibra"}]},{"@type":"WebSite","@id":"https:\/\/cibumcr.com\/en\/#website","url":"https:\/\/cibumcr.com\/en\/","name":"Cibum","description":"100% Natural","publisher":{"@id":"https:\/\/cibumcr.com\/en\/#organization"},"potentialAction":[{"@type":"SearchAction","target":{"@type":"EntryPoint","urlTemplate":"https:\/\/cibumcr.com\/en\/?s={search_term_string}"},"query-input":{"@type":"PropertyValueSpecification","valueRequired":true,"valueName":"search_term_string"}}],"inLanguage":"en-US"},{"@type":"Organization","@id":"https:\/\/cibumcr.com\/en\/#organization","name":"Cibum","url":"https:\/\/cibumcr.com\/en\/","logo":{"@type":"ImageObject","inLanguage":"en-US","@id":"https:\/\/cibumcr.com\/en\/#\/schema\/logo\/image\/","url":"https:\/\/cibumcr.com\/wp-content\/uploads\/2020\/02\/logo.jpg","contentUrl":"https:\/\/cibumcr.com\/wp-content\/uploads\/2020\/02\/logo.jpg","width":417,"height":417,"caption":"Cibum"},"image":{"@id":"https:\/\/cibumcr.com\/en\/#\/schema\/logo\/image\/"}}]}},"_links":{"self":[{"href":"https:\/\/cibumcr.com\/en\/wp-json\/wp\/v2\/product\/1925","targetHints":{"allow":["GET"]}}],"collection":[{"href":"https:\/\/cibumcr.com\/en\/wp-json\/wp\/v2\/product"}],"about":[{"href":"https:\/\/cibumcr.com\/en\/wp-json\/wp\/v2\/types\/product"}],"wp:featuredmedia":[{"embeddable":true,"href":"https:\/\/cibumcr.com\/en\/wp-json\/wp\/v2\/media\/3545"}],"wp:attachment":[{"href":"https:\/\/cibumcr.com\/en\/wp-json\/wp\/v2\/media?parent=1925"}],"wp:term":[{"taxonomy":"product_brand","embeddable":true,"href":"https:\/\/cibumcr.com\/en\/wp-json\/wp\/v2\/product_brand?post=1925"},{"taxonomy":"product_cat","embeddable":true,"href":"https:\/\/cibumcr.com\/en\/wp-json\/wp\/v2\/product_cat?post=1925"},{"taxonomy":"product_tag","embeddable":true,"href":"https:\/\/cibumcr.com\/en\/wp-json\/wp\/v2\/product_tag?post=1925"}],"curies":[{"name":"wp","href":"https:\/\/api.w.org\/{rel}","templated":true}]}}