{"id":1922,"date":"2021-09-25T01:46:16","date_gmt":"2021-09-25T01:46:16","guid":{"rendered":"https:\/\/cibumcr.com\/?post_type=product&#038;p=1922"},"modified":"2021-11-10T19:42:57","modified_gmt":"2021-11-10T19:42:57","slug":"fruit-smoothie-manzana-mora","status":"publish","type":"product","link":"https:\/\/cibumcr.com\/en\/product\/fruit-smoothie-manzana-mora\/","title":{"rendered":"Apple - Blackberry + Collagen"},"content":{"rendered":"","protected":false},"excerpt":{"rendered":"<div class=\"col-sm-12\">\n<h4>For radiant skin and strong bones<\/h4>\n<p style=\"text-align: justify;\">Collagen is known for providing hydration and elasticity to the skin while sending wrinkles into hibernation. It gets better! Studies also suggest that collagen has an astonishing effect on joints and bones.<\/p>\n<p style=\"text-align: justify;\">The Apple-Blackberry smoothie is a masterpiece. We merged the anthocyanins present in blackberries with a wonderful tasty apple. That means an almighty blend that helps to build up collagen in the body while being delightful for the palate.<\/p>\n<div class=\"tab\" style=\"display: flex;\"><a class=\"tablinks openTabs active\" style=\"margin-right: 20px; cursor: pointer;\" title=\"Ingredients\"><img decoding=\"async\" class=\"alignnone\" style=\"height: 70px;\" src=\"https:\/\/cibumcr.com\/wp-content\/uploads\/2021\/10\/Ingredientes-en-1.svg\" data-id=\"ingredientes\" \/><\/a><a class=\"tablinks openTabs\" style=\"margin-right: 20px; cursor: pointer;\" title=\"Product Detail\"><img decoding=\"async\" style=\"height: 70px;\" src=\"https:\/\/cibumcr.com\/wp-content\/uploads\/2021\/10\/Detalles-en-1.svg\" data-id=\"detalle\" \/><\/a><a class=\"tablinks openTabs\" style=\"cursor: pointer;\" title=\"Indications of Use\"><img decoding=\"async\" style=\"height: 70px;\" src=\"https:\/\/cibumcr.com\/wp-content\/uploads\/2021\/10\/Indicaciones-en-1.svg\" data-id=\"indicaciones\" \/><\/a><\/div>\n<div id=\"ingredientes\" class=\"tabcontent\">\n<h4>Ingredients<\/h4>\n<ul>\n<li>Water.<\/li>\n<li>Apple puree from concentrate<\/li>\n<li>Blackberry pulp.<\/li>\n<li>Collagen.<\/li>\n<li>Concentrated Black Carrot Juice.<\/li>\n<li>Xanthan Gum (Stabilizer).<\/li>\n<li>Citric Acid (Acidifier).<\/li>\n<li>Stevia (Natural Sweetener).<\/li>\n<\/ul>\n<\/div>\n<div id=\"detalle\" class=\"tabcontent\" style=\"display: none;\">\n<h4>Product Detail<\/h4>\n<ul>\n<li>For adults and children aged 4 years and older.<\/li>\n<li>No sugar added, contains naturally occurring sugars.<\/li>\n<li>No preservatives.<\/li>\n<li>No artificial colors.<\/li>\n<li>Glass bottle 6.8 fl oz (200ml).<\/li>\n<li>Ready to drink pasteurized product.<\/li>\n<\/ul>\n<\/div>\n<div id=\"indicaciones\" class=\"tabcontent\" style=\"display: none;\">\n<h4>Indications of Use<\/h4>\n<ul>\n<li>Store it in a cool place.<\/li>\n<li>Shake well.<\/li>\n<li>Refrigerate after opening and serve within 24 hours.<\/li>\n<li>Reject if safety button is up.<\/li>\n<\/ul>\n<\/div>\n<\/div>","protected":false},"featured_media":3547,"template":"","meta":{"om_disable_all_campaigns":false},"product_brand":[],"product_cat":[27],"product_tag":[],"class_list":{"0":"post-1922","1":"product","2":"type-product","3":"status-publish","4":"has-post-thumbnail","6":"product_cat-smoothies","8":"first","9":"instock","10":"shipping-taxable","11":"product-type-simple"},"yoast_head":"<!-- This site is optimized with the Yoast SEO plugin v26.9 - https:\/\/yoast.com\/product\/yoast-seo-wordpress\/ -->\n<title>Manzana - Mora + Col\u00e1geno - Cibum<\/title>\n<meta name=\"robots\" content=\"index, follow, max-snippet:-1, max-image-preview:large, max-video-preview:-1\" \/>\n<link rel=\"canonical\" href=\"https:\/\/cibumcr.com\/en\/product\/fruit-smoothie-manzana-mora\/\" \/>\n<meta property=\"og:locale\" content=\"en_US\" \/>\n<meta property=\"og:type\" content=\"article\" \/>\n<meta property=\"og:title\" content=\"Manzana - Mora + Col\u00e1geno - Cibum\" \/>\n<meta property=\"og:description\" content=\"Para una piel radiante y huesos fuertes El col\u00e1geno es conocido por proporcionar hidrataci\u00f3n y elasticidad a la piel mientras hace que las arrugas hibernen. \u00a1Se pone mejor! Los estudios tambi\u00e9n sugieren que el col\u00e1geno tiene un efecto asombroso sobre las articulaciones y los huesos. El batido de manzana y moras es una obra maestra. Fusionamos las antocianinas presentes en las moras con una gustosa manzana. Eso significa una mezcla todopoderosa que ayuda a acumular col\u00e1geno en el cuerpo mientras deleita tu paladar.    Ingredientes   Agua.  Pulpa de manzana de concentrado.  Pulpa de mora.  Col\u00e1geno.  Jugo de zanahoria negra concentrado.  Goma xantana (estabilizante).  \u00c1cido c\u00edtrico (acidulante).  Estevia (endulzante natural).    Detalle del Producto   Para adultos y ni\u00f1os de mayores de 4 a\u00f1os.  Sin az\u00facar a\u00f1adido, contiene az\u00facares naturales de las frutas.  Sin conservantes.  Sin colorantes artificiales.  Botella de vidrio\u00a0 de 200ml (6.8 fl oz).  Producto pasteurizado listo para tomar.    Indicaciones de Uso   Gu\u00e1rdelo en un lugar fresco.  Agitar bien antes de consumir.  Refrigerar despu\u00e9s de abrir y servir dentro de las siguientes 24 horas.  Rechazar si el bot\u00f3n de seguridad est\u00e1 levantado.\" \/>\n<meta property=\"og:url\" content=\"https:\/\/cibumcr.com\/en\/product\/fruit-smoothie-manzana-mora\/\" \/>\n<meta property=\"og:site_name\" content=\"Cibum\" \/>\n<meta property=\"article:modified_time\" content=\"2021-11-10T19:42:57+00:00\" \/>\n<meta property=\"og:image\" content=\"https:\/\/cibumcr.com\/wp-content\/uploads\/2021\/09\/Smoothie-Manzana-Mora-e1633995165442.jpg\" \/>\n\t<meta property=\"og:image:width\" content=\"800\" \/>\n\t<meta property=\"og:image:height\" content=\"800\" \/>\n\t<meta property=\"og:image:type\" content=\"image\/jpeg\" \/>\n<meta name=\"twitter:card\" content=\"summary_large_image\" \/>\n<script type=\"application\/ld+json\" class=\"yoast-schema-graph\">{\"@context\":\"https:\/\/schema.org\",\"@graph\":[{\"@type\":\"WebPage\",\"@id\":\"https:\/\/cibumcr.com\/en\/product\/fruit-smoothie-manzana-mora\/\",\"url\":\"https:\/\/cibumcr.com\/en\/product\/fruit-smoothie-manzana-mora\/\",\"name\":\"Manzana - Mora + Col\u00e1geno - Cibum\",\"isPartOf\":{\"@id\":\"https:\/\/cibumcr.com\/en\/#website\"},\"primaryImageOfPage\":{\"@id\":\"https:\/\/cibumcr.com\/en\/product\/fruit-smoothie-manzana-mora\/#primaryimage\"},\"image\":{\"@id\":\"https:\/\/cibumcr.com\/en\/product\/fruit-smoothie-manzana-mora\/#primaryimage\"},\"thumbnailUrl\":\"https:\/\/cibumcr.com\/wp-content\/uploads\/2021\/09\/Smoothie-Manzana-Mora-e1633995165442.jpg\",\"datePublished\":\"2021-09-25T01:46:16+00:00\",\"dateModified\":\"2021-11-10T19:42:57+00:00\",\"breadcrumb\":{\"@id\":\"https:\/\/cibumcr.com\/en\/product\/fruit-smoothie-manzana-mora\/#breadcrumb\"},\"inLanguage\":\"en-US\",\"potentialAction\":[{\"@type\":\"ReadAction\",\"target\":[\"https:\/\/cibumcr.com\/en\/product\/fruit-smoothie-manzana-mora\/\"]}]},{\"@type\":\"ImageObject\",\"inLanguage\":\"en-US\",\"@id\":\"https:\/\/cibumcr.com\/en\/product\/fruit-smoothie-manzana-mora\/#primaryimage\",\"url\":\"https:\/\/cibumcr.com\/wp-content\/uploads\/2021\/09\/Smoothie-Manzana-Mora-e1633995165442.jpg\",\"contentUrl\":\"https:\/\/cibumcr.com\/wp-content\/uploads\/2021\/09\/Smoothie-Manzana-Mora-e1633995165442.jpg\",\"width\":800,\"height\":800},{\"@type\":\"BreadcrumbList\",\"@id\":\"https:\/\/cibumcr.com\/en\/product\/fruit-smoothie-manzana-mora\/#breadcrumb\",\"itemListElement\":[{\"@type\":\"ListItem\",\"position\":1,\"name\":\"Portada\",\"item\":\"https:\/\/cibumcr.com\/en\/\"},{\"@type\":\"ListItem\",\"position\":2,\"name\":\"Products\",\"item\":\"https:\/\/cibumcr.com\/en\/shop\/\"},{\"@type\":\"ListItem\",\"position\":3,\"name\":\"Manzana &#8211; Mora + Col\u00e1geno\"}]},{\"@type\":\"WebSite\",\"@id\":\"https:\/\/cibumcr.com\/en\/#website\",\"url\":\"https:\/\/cibumcr.com\/en\/\",\"name\":\"Cibum\",\"description\":\"100% Natural\",\"publisher\":{\"@id\":\"https:\/\/cibumcr.com\/en\/#organization\"},\"potentialAction\":[{\"@type\":\"SearchAction\",\"target\":{\"@type\":\"EntryPoint\",\"urlTemplate\":\"https:\/\/cibumcr.com\/en\/?s={search_term_string}\"},\"query-input\":{\"@type\":\"PropertyValueSpecification\",\"valueRequired\":true,\"valueName\":\"search_term_string\"}}],\"inLanguage\":\"en-US\"},{\"@type\":\"Organization\",\"@id\":\"https:\/\/cibumcr.com\/en\/#organization\",\"name\":\"Cibum\",\"url\":\"https:\/\/cibumcr.com\/en\/\",\"logo\":{\"@type\":\"ImageObject\",\"inLanguage\":\"en-US\",\"@id\":\"https:\/\/cibumcr.com\/en\/#\/schema\/logo\/image\/\",\"url\":\"https:\/\/cibumcr.com\/wp-content\/uploads\/2020\/02\/logo.jpg\",\"contentUrl\":\"https:\/\/cibumcr.com\/wp-content\/uploads\/2020\/02\/logo.jpg\",\"width\":417,\"height\":417,\"caption\":\"Cibum\"},\"image\":{\"@id\":\"https:\/\/cibumcr.com\/en\/#\/schema\/logo\/image\/\"}}]}<\/script>\n<!-- \/ Yoast SEO plugin. -->","yoast_head_json":{"title":"Manzana - Mora + Col\u00e1geno - Cibum","robots":{"index":"index","follow":"follow","max-snippet":"max-snippet:-1","max-image-preview":"max-image-preview:large","max-video-preview":"max-video-preview:-1"},"canonical":"https:\/\/cibumcr.com\/en\/product\/fruit-smoothie-manzana-mora\/","og_locale":"en_US","og_type":"article","og_title":"Manzana - Mora + Col\u00e1geno - Cibum","og_description":"Para una piel radiante y huesos fuertes El col\u00e1geno es conocido por proporcionar hidrataci\u00f3n y elasticidad a la piel mientras hace que las arrugas hibernen. \u00a1Se pone mejor! Los estudios tambi\u00e9n sugieren que el col\u00e1geno tiene un efecto asombroso sobre las articulaciones y los huesos. El batido de manzana y moras es una obra maestra. Fusionamos las antocianinas presentes en las moras con una gustosa manzana. Eso significa una mezcla todopoderosa que ayuda a acumular col\u00e1geno en el cuerpo mientras deleita tu paladar.    Ingredientes   Agua.  Pulpa de manzana de concentrado.  Pulpa de mora.  Col\u00e1geno.  Jugo de zanahoria negra concentrado.  Goma xantana (estabilizante).  \u00c1cido c\u00edtrico (acidulante).  Estevia (endulzante natural).    Detalle del Producto   Para adultos y ni\u00f1os de mayores de 4 a\u00f1os.  Sin az\u00facar a\u00f1adido, contiene az\u00facares naturales de las frutas.  Sin conservantes.  Sin colorantes artificiales.  Botella de vidrio\u00a0 de 200ml (6.8 fl oz).  Producto pasteurizado listo para tomar.    Indicaciones de Uso   Gu\u00e1rdelo en un lugar fresco.  Agitar bien antes de consumir.  Refrigerar despu\u00e9s de abrir y servir dentro de las siguientes 24 horas.  Rechazar si el bot\u00f3n de seguridad est\u00e1 levantado.","og_url":"https:\/\/cibumcr.com\/en\/product\/fruit-smoothie-manzana-mora\/","og_site_name":"Cibum","article_modified_time":"2021-11-10T19:42:57+00:00","og_image":[{"width":800,"height":800,"url":"https:\/\/cibumcr.com\/wp-content\/uploads\/2021\/09\/Smoothie-Manzana-Mora-e1633995165442.jpg","type":"image\/jpeg"}],"twitter_card":"summary_large_image","schema":{"@context":"https:\/\/schema.org","@graph":[{"@type":"WebPage","@id":"https:\/\/cibumcr.com\/en\/product\/fruit-smoothie-manzana-mora\/","url":"https:\/\/cibumcr.com\/en\/product\/fruit-smoothie-manzana-mora\/","name":"Manzana - Mora + Col\u00e1geno - Cibum","isPartOf":{"@id":"https:\/\/cibumcr.com\/en\/#website"},"primaryImageOfPage":{"@id":"https:\/\/cibumcr.com\/en\/product\/fruit-smoothie-manzana-mora\/#primaryimage"},"image":{"@id":"https:\/\/cibumcr.com\/en\/product\/fruit-smoothie-manzana-mora\/#primaryimage"},"thumbnailUrl":"https:\/\/cibumcr.com\/wp-content\/uploads\/2021\/09\/Smoothie-Manzana-Mora-e1633995165442.jpg","datePublished":"2021-09-25T01:46:16+00:00","dateModified":"2021-11-10T19:42:57+00:00","breadcrumb":{"@id":"https:\/\/cibumcr.com\/en\/product\/fruit-smoothie-manzana-mora\/#breadcrumb"},"inLanguage":"en-US","potentialAction":[{"@type":"ReadAction","target":["https:\/\/cibumcr.com\/en\/product\/fruit-smoothie-manzana-mora\/"]}]},{"@type":"ImageObject","inLanguage":"en-US","@id":"https:\/\/cibumcr.com\/en\/product\/fruit-smoothie-manzana-mora\/#primaryimage","url":"https:\/\/cibumcr.com\/wp-content\/uploads\/2021\/09\/Smoothie-Manzana-Mora-e1633995165442.jpg","contentUrl":"https:\/\/cibumcr.com\/wp-content\/uploads\/2021\/09\/Smoothie-Manzana-Mora-e1633995165442.jpg","width":800,"height":800},{"@type":"BreadcrumbList","@id":"https:\/\/cibumcr.com\/en\/product\/fruit-smoothie-manzana-mora\/#breadcrumb","itemListElement":[{"@type":"ListItem","position":1,"name":"Portada","item":"https:\/\/cibumcr.com\/en\/"},{"@type":"ListItem","position":2,"name":"Products","item":"https:\/\/cibumcr.com\/en\/shop\/"},{"@type":"ListItem","position":3,"name":"Manzana &#8211; Mora + Col\u00e1geno"}]},{"@type":"WebSite","@id":"https:\/\/cibumcr.com\/en\/#website","url":"https:\/\/cibumcr.com\/en\/","name":"Cibum","description":"100% Natural","publisher":{"@id":"https:\/\/cibumcr.com\/en\/#organization"},"potentialAction":[{"@type":"SearchAction","target":{"@type":"EntryPoint","urlTemplate":"https:\/\/cibumcr.com\/en\/?s={search_term_string}"},"query-input":{"@type":"PropertyValueSpecification","valueRequired":true,"valueName":"search_term_string"}}],"inLanguage":"en-US"},{"@type":"Organization","@id":"https:\/\/cibumcr.com\/en\/#organization","name":"Cibum","url":"https:\/\/cibumcr.com\/en\/","logo":{"@type":"ImageObject","inLanguage":"en-US","@id":"https:\/\/cibumcr.com\/en\/#\/schema\/logo\/image\/","url":"https:\/\/cibumcr.com\/wp-content\/uploads\/2020\/02\/logo.jpg","contentUrl":"https:\/\/cibumcr.com\/wp-content\/uploads\/2020\/02\/logo.jpg","width":417,"height":417,"caption":"Cibum"},"image":{"@id":"https:\/\/cibumcr.com\/en\/#\/schema\/logo\/image\/"}}]}},"_links":{"self":[{"href":"https:\/\/cibumcr.com\/en\/wp-json\/wp\/v2\/product\/1922","targetHints":{"allow":["GET"]}}],"collection":[{"href":"https:\/\/cibumcr.com\/en\/wp-json\/wp\/v2\/product"}],"about":[{"href":"https:\/\/cibumcr.com\/en\/wp-json\/wp\/v2\/types\/product"}],"wp:featuredmedia":[{"embeddable":true,"href":"https:\/\/cibumcr.com\/en\/wp-json\/wp\/v2\/media\/3547"}],"wp:attachment":[{"href":"https:\/\/cibumcr.com\/en\/wp-json\/wp\/v2\/media?parent=1922"}],"wp:term":[{"taxonomy":"product_brand","embeddable":true,"href":"https:\/\/cibumcr.com\/en\/wp-json\/wp\/v2\/product_brand?post=1922"},{"taxonomy":"product_cat","embeddable":true,"href":"https:\/\/cibumcr.com\/en\/wp-json\/wp\/v2\/product_cat?post=1922"},{"taxonomy":"product_tag","embeddable":true,"href":"https:\/\/cibumcr.com\/en\/wp-json\/wp\/v2\/product_tag?post=1922"}],"curies":[{"name":"wp","href":"https:\/\/api.w.org\/{rel}","templated":true}]}}