{"id":1920,"date":"2021-09-25T01:39:05","date_gmt":"2021-09-25T01:39:05","guid":{"rendered":"https:\/\/cibumcr.com\/?post_type=product&#038;p=1920"},"modified":"2022-05-11T23:55:40","modified_gmt":"2022-05-11T23:55:40","slug":"fruit-smoothie-manzana-banano","status":"publish","type":"product","link":"https:\/\/cibumcr.com\/en\/product\/fruit-smoothie-manzana-banano\/","title":{"rendered":"Apple - Banana + Chia (source of Omega3)"},"content":{"rendered":"","protected":false},"excerpt":{"rendered":"<div class=\"col-sm-12\">\n<h4>For a sharp mind and a happy heart.<\/h4>\n<p style=\"text-align: justify;\">Say hello to the small but mighty chia seeds. A vegetable source of Omega 3 with multiple benefits to the body:<\/p>\n<ul>\n<li>Its high content of DHA (an Omega 3 component) keeps brain and vision functions in check.<\/li>\n<li>The combination of EPA and DHA, present in Omega 3, contributes to a vigorous and healthy heart.<\/li>\n<\/ul>\n<p style=\"text-align: justify;\">These perks are present in Cibum\u2019s Apple-Banana + Chia smoothie. The succulent flavors of apple and banana, together with the powers of Chia seeds and Omega 3. Who knew fruit and Chia could go so well together?<\/p>\n<div class=\"tab\" style=\"display: flex;\"><a class=\"tablinks openTabs active\" style=\"margin-right: 20px; cursor: pointer;\" title=\"Ingredients\"><img decoding=\"async\" class=\"alignnone\" style=\"height: 70px;\" src=\"https:\/\/cibumcr.com\/wp-content\/uploads\/2021\/10\/Ingredientes-en-1.svg\" data-id=\"ingredientes\" \/><\/a><a class=\"tablinks openTabs\" style=\"margin-right: 20px; cursor: pointer;\" title=\"Product Detail\"><img decoding=\"async\" style=\"height: 70px;\" src=\"https:\/\/cibumcr.com\/wp-content\/uploads\/2021\/10\/Detalles-en-1.svg\" data-id=\"detalle\" \/><\/a><a class=\"tablinks openTabs\" style=\"cursor: pointer;\" title=\"Indications of Use\"><img decoding=\"async\" style=\"height: 70px;\" src=\"https:\/\/cibumcr.com\/wp-content\/uploads\/2021\/10\/Indicaciones-en-1.svg\" data-id=\"indicaciones\" \/><\/a><\/div>\n<div id=\"ingredientes\" class=\"tabcontent\">\n<h4>Ingredients<\/h4>\n<ul>\n<li>Water.<\/li>\n<li>Apple Pulp from Concentrate.<\/li>\n<li>Banana puree.<\/li>\n<li>Chia Powder.<\/li>\n<li>Citric Acid (Acidifier).<\/li>\n<li>Xanthan Gum (Stabilizer).<\/li>\n<li>Vitamin C.<\/li>\n<li>Turmeric.<\/li>\n<li>Stevia (Natural Sweetener).<\/li>\n<\/ul>\n<\/div>\n<div id=\"detalle\" class=\"tabcontent\" style=\"display: none;\">\n<h4>Product Detail<\/h4>\n<ul>\n<li>For adults and children aged 4 years and older.<\/li>\n<li>No sugar added, contains naturally occurring sugars.<\/li>\n<li>No preservatives.<\/li>\n<li>No artificial colors.<\/li>\n<li>Glass bottle 6.8 fl oz (200ml).<\/li>\n<li>Ready to drink pasteurized product.<\/li>\n<\/ul>\n<\/div>\n<div id=\"indicaciones\" class=\"tabcontent\" style=\"display: none;\">\n<h4>Indications of Use<\/h4>\n<ul>\n<li>Store it in a cool place.<\/li>\n<li>Shake well.<\/li>\n<li>Refrigerate after opening and serve within 24 hours.<\/li>\n<li>Reject if safety button is up.<\/li>\n<\/ul>\n<\/div>\n<\/div>","protected":false},"featured_media":3546,"template":"","meta":{"om_disable_all_campaigns":false},"product_brand":[],"product_cat":[27],"product_tag":[],"class_list":{"0":"post-1920","1":"product","2":"type-product","3":"status-publish","4":"has-post-thumbnail","6":"product_cat-smoothies","8":"first","9":"instock","10":"shipping-taxable","11":"product-type-simple"},"yoast_head":"<!-- This site is optimized with the Yoast SEO plugin v26.9 - https:\/\/yoast.com\/product\/yoast-seo-wordpress\/ -->\n<title>Manzana - Banano +\u00a0Ch\u00eda (fuente de Omega3) - Cibum<\/title>\n<meta name=\"robots\" content=\"index, follow, max-snippet:-1, max-image-preview:large, max-video-preview:-1\" \/>\n<link rel=\"canonical\" href=\"https:\/\/cibumcr.com\/en\/product\/fruit-smoothie-manzana-banano\/\" \/>\n<meta property=\"og:locale\" content=\"en_US\" \/>\n<meta property=\"og:type\" content=\"article\" \/>\n<meta property=\"og:title\" content=\"Manzana - Banano +\u00a0Ch\u00eda (fuente de Omega3) - Cibum\" \/>\n<meta property=\"og:description\" content=\"Para una mente r\u00e1pida y un coraz\u00f3n contento Saluda a las peque\u00f1as pero poderosas semillas de ch\u00eda. Fuente vegetal de Omega 3 con m\u00faltiples beneficios para el organismo:    Su alto contenido de DHA (un componente Omega 3) mantiene bajo control las funciones del cerebro y de la vista.  La combinaci\u00f3n de EPA y DHA, presente en el Omega 3, contribuye a un coraz\u00f3n sano y vigoroso.  Estos beneficios est\u00e1n presentes en el batido de manzana, banano y ch\u00eda de Cibum que adem\u00e1s deleitar\u00e1n a su paladar.    Ingredientes   Agua.  Pulpa de manzana concentrado.  Pulpa de banano.  Ch\u00eda en polvo.  \u00c1cido c\u00edtrico (acidulante).  Goma xantana (estabilizante).  Vitamina C.  C\u00farcuma.  Estevia (endulzante natural).    Detalle del Producto   Para adultos y ni\u00f1os de mayores de 4 a\u00f1os.  Sin az\u00facar a\u00f1adido, contiene az\u00facares naturales de las frutas.  Sin conservantes.  Sin colorantes artificiales.  Botella de vidrio\u00a0 de 200ml (6.8 fl oz).  Producto pasteurizado listo para tomar.    Indicaciones de Uso   Gu\u00e1rdelo en un lugar fresco.  Agitar bien antes de consumir.  Refrigerar despu\u00e9s de abrir y servir dentro de las siguientes 24 horas.  Rechazar si el bot\u00f3n de seguridad est\u00e1 levantado.\" \/>\n<meta property=\"og:url\" content=\"https:\/\/cibumcr.com\/en\/product\/fruit-smoothie-manzana-banano\/\" \/>\n<meta property=\"og:site_name\" content=\"Cibum\" \/>\n<meta property=\"article:modified_time\" content=\"2022-05-11T23:55:40+00:00\" \/>\n<meta property=\"og:image\" content=\"https:\/\/cibumcr.com\/wp-content\/uploads\/2021\/09\/Smoothie-Manzana-Banana-e1633995180622.jpg\" \/>\n\t<meta property=\"og:image:width\" content=\"800\" \/>\n\t<meta property=\"og:image:height\" content=\"800\" \/>\n\t<meta property=\"og:image:type\" content=\"image\/jpeg\" \/>\n<meta name=\"twitter:card\" content=\"summary_large_image\" \/>\n<script type=\"application\/ld+json\" class=\"yoast-schema-graph\">{\"@context\":\"https:\/\/schema.org\",\"@graph\":[{\"@type\":\"WebPage\",\"@id\":\"https:\/\/cibumcr.com\/en\/product\/fruit-smoothie-manzana-banano\/\",\"url\":\"https:\/\/cibumcr.com\/en\/product\/fruit-smoothie-manzana-banano\/\",\"name\":\"Manzana - Banano +\u00a0Ch\u00eda (fuente de Omega3) - Cibum\",\"isPartOf\":{\"@id\":\"https:\/\/cibumcr.com\/en\/#website\"},\"primaryImageOfPage\":{\"@id\":\"https:\/\/cibumcr.com\/en\/product\/fruit-smoothie-manzana-banano\/#primaryimage\"},\"image\":{\"@id\":\"https:\/\/cibumcr.com\/en\/product\/fruit-smoothie-manzana-banano\/#primaryimage\"},\"thumbnailUrl\":\"https:\/\/cibumcr.com\/wp-content\/uploads\/2021\/09\/Smoothie-Manzana-Banana-e1633995180622.jpg\",\"datePublished\":\"2021-09-25T01:39:05+00:00\",\"dateModified\":\"2022-05-11T23:55:40+00:00\",\"breadcrumb\":{\"@id\":\"https:\/\/cibumcr.com\/en\/product\/fruit-smoothie-manzana-banano\/#breadcrumb\"},\"inLanguage\":\"en-US\",\"potentialAction\":[{\"@type\":\"ReadAction\",\"target\":[\"https:\/\/cibumcr.com\/en\/product\/fruit-smoothie-manzana-banano\/\"]}]},{\"@type\":\"ImageObject\",\"inLanguage\":\"en-US\",\"@id\":\"https:\/\/cibumcr.com\/en\/product\/fruit-smoothie-manzana-banano\/#primaryimage\",\"url\":\"https:\/\/cibumcr.com\/wp-content\/uploads\/2021\/09\/Smoothie-Manzana-Banana-e1633995180622.jpg\",\"contentUrl\":\"https:\/\/cibumcr.com\/wp-content\/uploads\/2021\/09\/Smoothie-Manzana-Banana-e1633995180622.jpg\",\"width\":800,\"height\":800},{\"@type\":\"BreadcrumbList\",\"@id\":\"https:\/\/cibumcr.com\/en\/product\/fruit-smoothie-manzana-banano\/#breadcrumb\",\"itemListElement\":[{\"@type\":\"ListItem\",\"position\":1,\"name\":\"Portada\",\"item\":\"https:\/\/cibumcr.com\/en\/\"},{\"@type\":\"ListItem\",\"position\":2,\"name\":\"Products\",\"item\":\"https:\/\/cibumcr.com\/en\/shop\/\"},{\"@type\":\"ListItem\",\"position\":3,\"name\":\"Manzana &#8211; Banano +\u00a0Ch\u00eda (fuente de Omega3)\"}]},{\"@type\":\"WebSite\",\"@id\":\"https:\/\/cibumcr.com\/en\/#website\",\"url\":\"https:\/\/cibumcr.com\/en\/\",\"name\":\"Cibum\",\"description\":\"100% Natural\",\"publisher\":{\"@id\":\"https:\/\/cibumcr.com\/en\/#organization\"},\"potentialAction\":[{\"@type\":\"SearchAction\",\"target\":{\"@type\":\"EntryPoint\",\"urlTemplate\":\"https:\/\/cibumcr.com\/en\/?s={search_term_string}\"},\"query-input\":{\"@type\":\"PropertyValueSpecification\",\"valueRequired\":true,\"valueName\":\"search_term_string\"}}],\"inLanguage\":\"en-US\"},{\"@type\":\"Organization\",\"@id\":\"https:\/\/cibumcr.com\/en\/#organization\",\"name\":\"Cibum\",\"url\":\"https:\/\/cibumcr.com\/en\/\",\"logo\":{\"@type\":\"ImageObject\",\"inLanguage\":\"en-US\",\"@id\":\"https:\/\/cibumcr.com\/en\/#\/schema\/logo\/image\/\",\"url\":\"https:\/\/cibumcr.com\/wp-content\/uploads\/2020\/02\/logo.jpg\",\"contentUrl\":\"https:\/\/cibumcr.com\/wp-content\/uploads\/2020\/02\/logo.jpg\",\"width\":417,\"height\":417,\"caption\":\"Cibum\"},\"image\":{\"@id\":\"https:\/\/cibumcr.com\/en\/#\/schema\/logo\/image\/\"}}]}<\/script>\n<!-- \/ Yoast SEO plugin. -->","yoast_head_json":{"title":"Manzana - Banano +\u00a0Ch\u00eda (fuente de Omega3) - Cibum","robots":{"index":"index","follow":"follow","max-snippet":"max-snippet:-1","max-image-preview":"max-image-preview:large","max-video-preview":"max-video-preview:-1"},"canonical":"https:\/\/cibumcr.com\/en\/product\/fruit-smoothie-manzana-banano\/","og_locale":"en_US","og_type":"article","og_title":"Manzana - Banano +\u00a0Ch\u00eda (fuente de Omega3) - Cibum","og_description":"Para una mente r\u00e1pida y un coraz\u00f3n contento Saluda a las peque\u00f1as pero poderosas semillas de ch\u00eda. Fuente vegetal de Omega 3 con m\u00faltiples beneficios para el organismo:    Su alto contenido de DHA (un componente Omega 3) mantiene bajo control las funciones del cerebro y de la vista.  La combinaci\u00f3n de EPA y DHA, presente en el Omega 3, contribuye a un coraz\u00f3n sano y vigoroso.  Estos beneficios est\u00e1n presentes en el batido de manzana, banano y ch\u00eda de Cibum que adem\u00e1s deleitar\u00e1n a su paladar.    Ingredientes   Agua.  Pulpa de manzana concentrado.  Pulpa de banano.  Ch\u00eda en polvo.  \u00c1cido c\u00edtrico (acidulante).  Goma xantana (estabilizante).  Vitamina C.  C\u00farcuma.  Estevia (endulzante natural).    Detalle del Producto   Para adultos y ni\u00f1os de mayores de 4 a\u00f1os.  Sin az\u00facar a\u00f1adido, contiene az\u00facares naturales de las frutas.  Sin conservantes.  Sin colorantes artificiales.  Botella de vidrio\u00a0 de 200ml (6.8 fl oz).  Producto pasteurizado listo para tomar.    Indicaciones de Uso   Gu\u00e1rdelo en un lugar fresco.  Agitar bien antes de consumir.  Refrigerar despu\u00e9s de abrir y servir dentro de las siguientes 24 horas.  Rechazar si el bot\u00f3n de seguridad est\u00e1 levantado.","og_url":"https:\/\/cibumcr.com\/en\/product\/fruit-smoothie-manzana-banano\/","og_site_name":"Cibum","article_modified_time":"2022-05-11T23:55:40+00:00","og_image":[{"width":800,"height":800,"url":"https:\/\/cibumcr.com\/wp-content\/uploads\/2021\/09\/Smoothie-Manzana-Banana-e1633995180622.jpg","type":"image\/jpeg"}],"twitter_card":"summary_large_image","schema":{"@context":"https:\/\/schema.org","@graph":[{"@type":"WebPage","@id":"https:\/\/cibumcr.com\/en\/product\/fruit-smoothie-manzana-banano\/","url":"https:\/\/cibumcr.com\/en\/product\/fruit-smoothie-manzana-banano\/","name":"Manzana - Banano +\u00a0Ch\u00eda (fuente de Omega3) - Cibum","isPartOf":{"@id":"https:\/\/cibumcr.com\/en\/#website"},"primaryImageOfPage":{"@id":"https:\/\/cibumcr.com\/en\/product\/fruit-smoothie-manzana-banano\/#primaryimage"},"image":{"@id":"https:\/\/cibumcr.com\/en\/product\/fruit-smoothie-manzana-banano\/#primaryimage"},"thumbnailUrl":"https:\/\/cibumcr.com\/wp-content\/uploads\/2021\/09\/Smoothie-Manzana-Banana-e1633995180622.jpg","datePublished":"2021-09-25T01:39:05+00:00","dateModified":"2022-05-11T23:55:40+00:00","breadcrumb":{"@id":"https:\/\/cibumcr.com\/en\/product\/fruit-smoothie-manzana-banano\/#breadcrumb"},"inLanguage":"en-US","potentialAction":[{"@type":"ReadAction","target":["https:\/\/cibumcr.com\/en\/product\/fruit-smoothie-manzana-banano\/"]}]},{"@type":"ImageObject","inLanguage":"en-US","@id":"https:\/\/cibumcr.com\/en\/product\/fruit-smoothie-manzana-banano\/#primaryimage","url":"https:\/\/cibumcr.com\/wp-content\/uploads\/2021\/09\/Smoothie-Manzana-Banana-e1633995180622.jpg","contentUrl":"https:\/\/cibumcr.com\/wp-content\/uploads\/2021\/09\/Smoothie-Manzana-Banana-e1633995180622.jpg","width":800,"height":800},{"@type":"BreadcrumbList","@id":"https:\/\/cibumcr.com\/en\/product\/fruit-smoothie-manzana-banano\/#breadcrumb","itemListElement":[{"@type":"ListItem","position":1,"name":"Portada","item":"https:\/\/cibumcr.com\/en\/"},{"@type":"ListItem","position":2,"name":"Products","item":"https:\/\/cibumcr.com\/en\/shop\/"},{"@type":"ListItem","position":3,"name":"Manzana &#8211; Banano +\u00a0Ch\u00eda (fuente de Omega3)"}]},{"@type":"WebSite","@id":"https:\/\/cibumcr.com\/en\/#website","url":"https:\/\/cibumcr.com\/en\/","name":"Cibum","description":"100% Natural","publisher":{"@id":"https:\/\/cibumcr.com\/en\/#organization"},"potentialAction":[{"@type":"SearchAction","target":{"@type":"EntryPoint","urlTemplate":"https:\/\/cibumcr.com\/en\/?s={search_term_string}"},"query-input":{"@type":"PropertyValueSpecification","valueRequired":true,"valueName":"search_term_string"}}],"inLanguage":"en-US"},{"@type":"Organization","@id":"https:\/\/cibumcr.com\/en\/#organization","name":"Cibum","url":"https:\/\/cibumcr.com\/en\/","logo":{"@type":"ImageObject","inLanguage":"en-US","@id":"https:\/\/cibumcr.com\/en\/#\/schema\/logo\/image\/","url":"https:\/\/cibumcr.com\/wp-content\/uploads\/2020\/02\/logo.jpg","contentUrl":"https:\/\/cibumcr.com\/wp-content\/uploads\/2020\/02\/logo.jpg","width":417,"height":417,"caption":"Cibum"},"image":{"@id":"https:\/\/cibumcr.com\/en\/#\/schema\/logo\/image\/"}}]}},"_links":{"self":[{"href":"https:\/\/cibumcr.com\/en\/wp-json\/wp\/v2\/product\/1920","targetHints":{"allow":["GET"]}}],"collection":[{"href":"https:\/\/cibumcr.com\/en\/wp-json\/wp\/v2\/product"}],"about":[{"href":"https:\/\/cibumcr.com\/en\/wp-json\/wp\/v2\/types\/product"}],"wp:featuredmedia":[{"embeddable":true,"href":"https:\/\/cibumcr.com\/en\/wp-json\/wp\/v2\/media\/3546"}],"wp:attachment":[{"href":"https:\/\/cibumcr.com\/en\/wp-json\/wp\/v2\/media?parent=1920"}],"wp:term":[{"taxonomy":"product_brand","embeddable":true,"href":"https:\/\/cibumcr.com\/en\/wp-json\/wp\/v2\/product_brand?post=1920"},{"taxonomy":"product_cat","embeddable":true,"href":"https:\/\/cibumcr.com\/en\/wp-json\/wp\/v2\/product_cat?post=1920"},{"taxonomy":"product_tag","embeddable":true,"href":"https:\/\/cibumcr.com\/en\/wp-json\/wp\/v2\/product_tag?post=1920"}],"curies":[{"name":"wp","href":"https:\/\/api.w.org\/{rel}","templated":true}]}}