{"id":1918,"date":"2021-09-25T01:26:40","date_gmt":"2021-09-25T01:26:40","guid":{"rendered":"https:\/\/cibumcr.com\/?post_type=product&#038;p=1918"},"modified":"2022-05-11T23:57:32","modified_gmt":"2022-05-11T23:57:32","slug":"fruit-smoothie-pina-pera","status":"publish","type":"product","link":"https:\/\/cibumcr.com\/en\/product\/fruit-smoothie-pina-pera\/","title":{"rendered":"Pineapple - Pear + Ginger and Turmeric"},"content":{"rendered":"","protected":false},"excerpt":{"rendered":"<div class=\"col-sm-12\">\n<h4>For a robust immune system<\/h4>\n<p style=\"text-align: justify;\">Ginger might be the greatest root of all time. After all, it is spicy! But, as scientific studies suggest, we have decided to use ginger to aid the immune system\u2019s fight against bacteria and inflammations.<\/p>\n<p style=\"text-align: justify;\">Every great hero needs a sidekick, and that\u2019s where turmeric comes in: a widely known spice with the power of improving the body\u2018s defenses.<\/p>\n<p style=\"text-align: justify;\">We have combined these exquisite flavors and benefits with the fruits\u2019 vitamin C  for an ultimate wellness product.<\/p>\n<div class=\"tab\" style=\"display: flex;\"><a class=\"tablinks openTabs active\" style=\"margin-right: 20px; cursor: pointer;\" title=\"Ingredients\"><img decoding=\"async\" class=\"alignnone\" style=\"height: 70px;\" src=\"https:\/\/cibumcr.com\/wp-content\/uploads\/2021\/10\/Ingredientes-en-1.svg\" data-id=\"ingredientes\" \/><\/a><a class=\"tablinks openTabs\" style=\"margin-right: 20px; cursor: pointer;\" title=\"Product Detail\"><img decoding=\"async\" style=\"height: 70px;\" src=\"https:\/\/cibumcr.com\/wp-content\/uploads\/2021\/10\/Detalles-en-1.svg\" data-id=\"detalle\" \/><\/a><a class=\"tablinks openTabs\" style=\"cursor: pointer;\" title=\"Indications of Use\"><img decoding=\"async\" style=\"height: 70px;\" src=\"https:\/\/cibumcr.com\/wp-content\/uploads\/2021\/10\/Indicaciones-en-1.svg\" data-id=\"indicaciones\" \/><\/a><\/div>\n<div id=\"ingredientes\" class=\"tabcontent\">\n<h4>Ingredients<\/h4>\n<ul>\n<li>Water.<\/li>\n<li>Pineapple puree.<\/li>\n<li>Pear Pulp from Concentrate.<\/li>\n<li>Citric Acid (Acidifier).<\/li>\n<li>Ginger.<\/li>\n<li>Turmeric.<\/li>\n<li>Xanthan Gum (Stabilizer).<\/li>\n<li>Vitamin C.<\/li>\n<li>Stevia (Natural Sweetener).<\/li>\n<\/ul>\n<\/div>\n<div id=\"detalle\" class=\"tabcontent\" style=\"display: none;\">\n<h4>Product Detail<\/h4>\n<ul>\n<li>For adults and children aged 4 years and older.<\/li>\n<li>No sugar added, contains naturally occurring sugars.<\/li>\n<li>No preservatives.<\/li>\n<li>No artificial colors.<\/li>\n<li>Glass bottle 6.8 fl oz (200ml).<\/li>\n<li>Ready to drink pasteurized product.<\/li>\n<\/ul>\n<\/div>\n<div id=\"indicaciones\" class=\"tabcontent\" style=\"display: none;\">\n<h4>Indications of Use<\/h4>\n<ul>\n<li>Store it in a cool place.<\/li>\n<li>Shake well.<\/li>\n<li>Refrigerate after opening and serve within 24 hours.<\/li>\n<li>Reject if safety button is up.<\/li>\n<\/ul>\n<\/div>\n<\/div>","protected":false},"featured_media":3548,"template":"","meta":{"om_disable_all_campaigns":false},"product_brand":[],"product_cat":[27],"product_tag":[],"class_list":{"0":"post-1918","1":"product","2":"type-product","3":"status-publish","4":"has-post-thumbnail","6":"product_cat-smoothies","8":"first","9":"instock","10":"shipping-taxable","11":"product-type-simple"},"yoast_head":"<!-- This site is optimized with the Yoast SEO plugin v26.9 - https:\/\/yoast.com\/product\/yoast-seo-wordpress\/ -->\n<title>Pi\u00f1a - Pera + Jengibre y C\u00farcuma - Cibum<\/title>\n<meta name=\"robots\" content=\"index, follow, max-snippet:-1, max-image-preview:large, max-video-preview:-1\" \/>\n<link rel=\"canonical\" href=\"https:\/\/cibumcr.com\/en\/product\/fruit-smoothie-pina-pera\/\" \/>\n<meta property=\"og:locale\" content=\"en_US\" \/>\n<meta property=\"og:type\" content=\"article\" \/>\n<meta property=\"og:title\" content=\"Pi\u00f1a - Pera + Jengibre y C\u00farcuma - Cibum\" \/>\n<meta property=\"og:description\" content=\"Para un sistema inmune robusto El jengibre podr\u00eda ser la ra\u00edz m\u00e1s grande de todos los tiempos. Despu\u00e9s de todo, \u00a1es picante! Pero, como sugieren los estudios cient\u00edficos, sirve para ayudar al sistema inmunol\u00f3gico a luchar contra las bacterias y las inflamaciones. Todo gran h\u00e9roe necesita un compa\u00f1ero, y ah\u00ed es donde entra la c\u00farcuma: una especia ampliamente conocida por el poder de mejorar las defensas del cuerpo. Hemos combinado estos exquisitos sabores y beneficios con la vitamina C de las frutas para obtener lo \u00faltimo en alimentaci\u00f3n para el bienestar.    Ingredientes   Agua.  Pulpa de pi\u00f1a.  Pulpa de pera concentrado.  \u00c1cido c\u00edtrico (acidulante).  Jengibre.  C\u00farcuma.  Goma xantana (estabilizante).  Vitamina C.  Estevia (endulzante natural).    Detalle del Producto   Para adultos y ni\u00f1os de mayores de 4 a\u00f1os.  Sin az\u00facar a\u00f1adido, contiene az\u00facares naturales de las frutas.  Sin conservantes.  Sin colorantes artificiales.  Botella de vidrio\u00a0 de 200ml (6.8 fl oz).  Producto pasteurizado listo para tomar.    Indicaciones de Uso   Gu\u00e1rdelo en un lugar fresco.  Agitar bien antes de consumir.  Refrigerar despu\u00e9s de abrir y servir dentro de las siguientes 24 horas.  Rechazar si el bot\u00f3n de seguridad est\u00e1 levantado.\" \/>\n<meta property=\"og:url\" content=\"https:\/\/cibumcr.com\/en\/product\/fruit-smoothie-pina-pera\/\" \/>\n<meta property=\"og:site_name\" content=\"Cibum\" \/>\n<meta property=\"article:modified_time\" content=\"2022-05-11T23:57:32+00:00\" \/>\n<meta property=\"og:image\" content=\"https:\/\/cibumcr.com\/wp-content\/uploads\/2021\/09\/Smoothie-Pina-Pera-e1633995148433.jpg\" \/>\n\t<meta property=\"og:image:width\" content=\"800\" \/>\n\t<meta property=\"og:image:height\" content=\"800\" \/>\n\t<meta property=\"og:image:type\" content=\"image\/jpeg\" \/>\n<meta name=\"twitter:card\" content=\"summary_large_image\" \/>\n<script type=\"application\/ld+json\" class=\"yoast-schema-graph\">{\"@context\":\"https:\/\/schema.org\",\"@graph\":[{\"@type\":\"WebPage\",\"@id\":\"https:\/\/cibumcr.com\/en\/product\/fruit-smoothie-pina-pera\/\",\"url\":\"https:\/\/cibumcr.com\/en\/product\/fruit-smoothie-pina-pera\/\",\"name\":\"Pi\u00f1a - Pera + Jengibre y C\u00farcuma - Cibum\",\"isPartOf\":{\"@id\":\"https:\/\/cibumcr.com\/en\/#website\"},\"primaryImageOfPage\":{\"@id\":\"https:\/\/cibumcr.com\/en\/product\/fruit-smoothie-pina-pera\/#primaryimage\"},\"image\":{\"@id\":\"https:\/\/cibumcr.com\/en\/product\/fruit-smoothie-pina-pera\/#primaryimage\"},\"thumbnailUrl\":\"https:\/\/cibumcr.com\/wp-content\/uploads\/2021\/09\/Smoothie-Pina-Pera-e1633995148433.jpg\",\"datePublished\":\"2021-09-25T01:26:40+00:00\",\"dateModified\":\"2022-05-11T23:57:32+00:00\",\"breadcrumb\":{\"@id\":\"https:\/\/cibumcr.com\/en\/product\/fruit-smoothie-pina-pera\/#breadcrumb\"},\"inLanguage\":\"en-US\",\"potentialAction\":[{\"@type\":\"ReadAction\",\"target\":[\"https:\/\/cibumcr.com\/en\/product\/fruit-smoothie-pina-pera\/\"]}]},{\"@type\":\"ImageObject\",\"inLanguage\":\"en-US\",\"@id\":\"https:\/\/cibumcr.com\/en\/product\/fruit-smoothie-pina-pera\/#primaryimage\",\"url\":\"https:\/\/cibumcr.com\/wp-content\/uploads\/2021\/09\/Smoothie-Pina-Pera-e1633995148433.jpg\",\"contentUrl\":\"https:\/\/cibumcr.com\/wp-content\/uploads\/2021\/09\/Smoothie-Pina-Pera-e1633995148433.jpg\",\"width\":800,\"height\":800},{\"@type\":\"BreadcrumbList\",\"@id\":\"https:\/\/cibumcr.com\/en\/product\/fruit-smoothie-pina-pera\/#breadcrumb\",\"itemListElement\":[{\"@type\":\"ListItem\",\"position\":1,\"name\":\"Portada\",\"item\":\"https:\/\/cibumcr.com\/en\/\"},{\"@type\":\"ListItem\",\"position\":2,\"name\":\"Products\",\"item\":\"https:\/\/cibumcr.com\/en\/shop\/\"},{\"@type\":\"ListItem\",\"position\":3,\"name\":\"Pi\u00f1a &#8211; Pera + Jengibre y C\u00farcuma\"}]},{\"@type\":\"WebSite\",\"@id\":\"https:\/\/cibumcr.com\/en\/#website\",\"url\":\"https:\/\/cibumcr.com\/en\/\",\"name\":\"Cibum\",\"description\":\"100% Natural\",\"publisher\":{\"@id\":\"https:\/\/cibumcr.com\/en\/#organization\"},\"potentialAction\":[{\"@type\":\"SearchAction\",\"target\":{\"@type\":\"EntryPoint\",\"urlTemplate\":\"https:\/\/cibumcr.com\/en\/?s={search_term_string}\"},\"query-input\":{\"@type\":\"PropertyValueSpecification\",\"valueRequired\":true,\"valueName\":\"search_term_string\"}}],\"inLanguage\":\"en-US\"},{\"@type\":\"Organization\",\"@id\":\"https:\/\/cibumcr.com\/en\/#organization\",\"name\":\"Cibum\",\"url\":\"https:\/\/cibumcr.com\/en\/\",\"logo\":{\"@type\":\"ImageObject\",\"inLanguage\":\"en-US\",\"@id\":\"https:\/\/cibumcr.com\/en\/#\/schema\/logo\/image\/\",\"url\":\"https:\/\/cibumcr.com\/wp-content\/uploads\/2020\/02\/logo.jpg\",\"contentUrl\":\"https:\/\/cibumcr.com\/wp-content\/uploads\/2020\/02\/logo.jpg\",\"width\":417,\"height\":417,\"caption\":\"Cibum\"},\"image\":{\"@id\":\"https:\/\/cibumcr.com\/en\/#\/schema\/logo\/image\/\"}}]}<\/script>\n<!-- \/ Yoast SEO plugin. -->","yoast_head_json":{"title":"Pi\u00f1a - Pera + Jengibre y C\u00farcuma - Cibum","robots":{"index":"index","follow":"follow","max-snippet":"max-snippet:-1","max-image-preview":"max-image-preview:large","max-video-preview":"max-video-preview:-1"},"canonical":"https:\/\/cibumcr.com\/en\/product\/fruit-smoothie-pina-pera\/","og_locale":"en_US","og_type":"article","og_title":"Pi\u00f1a - Pera + Jengibre y C\u00farcuma - Cibum","og_description":"Para un sistema inmune robusto El jengibre podr\u00eda ser la ra\u00edz m\u00e1s grande de todos los tiempos. Despu\u00e9s de todo, \u00a1es picante! Pero, como sugieren los estudios cient\u00edficos, sirve para ayudar al sistema inmunol\u00f3gico a luchar contra las bacterias y las inflamaciones. Todo gran h\u00e9roe necesita un compa\u00f1ero, y ah\u00ed es donde entra la c\u00farcuma: una especia ampliamente conocida por el poder de mejorar las defensas del cuerpo. Hemos combinado estos exquisitos sabores y beneficios con la vitamina C de las frutas para obtener lo \u00faltimo en alimentaci\u00f3n para el bienestar.    Ingredientes   Agua.  Pulpa de pi\u00f1a.  Pulpa de pera concentrado.  \u00c1cido c\u00edtrico (acidulante).  Jengibre.  C\u00farcuma.  Goma xantana (estabilizante).  Vitamina C.  Estevia (endulzante natural).    Detalle del Producto   Para adultos y ni\u00f1os de mayores de 4 a\u00f1os.  Sin az\u00facar a\u00f1adido, contiene az\u00facares naturales de las frutas.  Sin conservantes.  Sin colorantes artificiales.  Botella de vidrio\u00a0 de 200ml (6.8 fl oz).  Producto pasteurizado listo para tomar.    Indicaciones de Uso   Gu\u00e1rdelo en un lugar fresco.  Agitar bien antes de consumir.  Refrigerar despu\u00e9s de abrir y servir dentro de las siguientes 24 horas.  Rechazar si el bot\u00f3n de seguridad est\u00e1 levantado.","og_url":"https:\/\/cibumcr.com\/en\/product\/fruit-smoothie-pina-pera\/","og_site_name":"Cibum","article_modified_time":"2022-05-11T23:57:32+00:00","og_image":[{"width":800,"height":800,"url":"https:\/\/cibumcr.com\/wp-content\/uploads\/2021\/09\/Smoothie-Pina-Pera-e1633995148433.jpg","type":"image\/jpeg"}],"twitter_card":"summary_large_image","schema":{"@context":"https:\/\/schema.org","@graph":[{"@type":"WebPage","@id":"https:\/\/cibumcr.com\/en\/product\/fruit-smoothie-pina-pera\/","url":"https:\/\/cibumcr.com\/en\/product\/fruit-smoothie-pina-pera\/","name":"Pi\u00f1a - Pera + Jengibre y C\u00farcuma - Cibum","isPartOf":{"@id":"https:\/\/cibumcr.com\/en\/#website"},"primaryImageOfPage":{"@id":"https:\/\/cibumcr.com\/en\/product\/fruit-smoothie-pina-pera\/#primaryimage"},"image":{"@id":"https:\/\/cibumcr.com\/en\/product\/fruit-smoothie-pina-pera\/#primaryimage"},"thumbnailUrl":"https:\/\/cibumcr.com\/wp-content\/uploads\/2021\/09\/Smoothie-Pina-Pera-e1633995148433.jpg","datePublished":"2021-09-25T01:26:40+00:00","dateModified":"2022-05-11T23:57:32+00:00","breadcrumb":{"@id":"https:\/\/cibumcr.com\/en\/product\/fruit-smoothie-pina-pera\/#breadcrumb"},"inLanguage":"en-US","potentialAction":[{"@type":"ReadAction","target":["https:\/\/cibumcr.com\/en\/product\/fruit-smoothie-pina-pera\/"]}]},{"@type":"ImageObject","inLanguage":"en-US","@id":"https:\/\/cibumcr.com\/en\/product\/fruit-smoothie-pina-pera\/#primaryimage","url":"https:\/\/cibumcr.com\/wp-content\/uploads\/2021\/09\/Smoothie-Pina-Pera-e1633995148433.jpg","contentUrl":"https:\/\/cibumcr.com\/wp-content\/uploads\/2021\/09\/Smoothie-Pina-Pera-e1633995148433.jpg","width":800,"height":800},{"@type":"BreadcrumbList","@id":"https:\/\/cibumcr.com\/en\/product\/fruit-smoothie-pina-pera\/#breadcrumb","itemListElement":[{"@type":"ListItem","position":1,"name":"Portada","item":"https:\/\/cibumcr.com\/en\/"},{"@type":"ListItem","position":2,"name":"Products","item":"https:\/\/cibumcr.com\/en\/shop\/"},{"@type":"ListItem","position":3,"name":"Pi\u00f1a &#8211; Pera + Jengibre y C\u00farcuma"}]},{"@type":"WebSite","@id":"https:\/\/cibumcr.com\/en\/#website","url":"https:\/\/cibumcr.com\/en\/","name":"Cibum","description":"100% Natural","publisher":{"@id":"https:\/\/cibumcr.com\/en\/#organization"},"potentialAction":[{"@type":"SearchAction","target":{"@type":"EntryPoint","urlTemplate":"https:\/\/cibumcr.com\/en\/?s={search_term_string}"},"query-input":{"@type":"PropertyValueSpecification","valueRequired":true,"valueName":"search_term_string"}}],"inLanguage":"en-US"},{"@type":"Organization","@id":"https:\/\/cibumcr.com\/en\/#organization","name":"Cibum","url":"https:\/\/cibumcr.com\/en\/","logo":{"@type":"ImageObject","inLanguage":"en-US","@id":"https:\/\/cibumcr.com\/en\/#\/schema\/logo\/image\/","url":"https:\/\/cibumcr.com\/wp-content\/uploads\/2020\/02\/logo.jpg","contentUrl":"https:\/\/cibumcr.com\/wp-content\/uploads\/2020\/02\/logo.jpg","width":417,"height":417,"caption":"Cibum"},"image":{"@id":"https:\/\/cibumcr.com\/en\/#\/schema\/logo\/image\/"}}]}},"_links":{"self":[{"href":"https:\/\/cibumcr.com\/en\/wp-json\/wp\/v2\/product\/1918","targetHints":{"allow":["GET"]}}],"collection":[{"href":"https:\/\/cibumcr.com\/en\/wp-json\/wp\/v2\/product"}],"about":[{"href":"https:\/\/cibumcr.com\/en\/wp-json\/wp\/v2\/types\/product"}],"wp:featuredmedia":[{"embeddable":true,"href":"https:\/\/cibumcr.com\/en\/wp-json\/wp\/v2\/media\/3548"}],"wp:attachment":[{"href":"https:\/\/cibumcr.com\/en\/wp-json\/wp\/v2\/media?parent=1918"}],"wp:term":[{"taxonomy":"product_brand","embeddable":true,"href":"https:\/\/cibumcr.com\/en\/wp-json\/wp\/v2\/product_brand?post=1918"},{"taxonomy":"product_cat","embeddable":true,"href":"https:\/\/cibumcr.com\/en\/wp-json\/wp\/v2\/product_cat?post=1918"},{"taxonomy":"product_tag","embeddable":true,"href":"https:\/\/cibumcr.com\/en\/wp-json\/wp\/v2\/product_tag?post=1918"}],"curies":[{"name":"wp","href":"https:\/\/api.w.org\/{rel}","templated":true}]}}