{"id":3646,"date":"2021-10-14T02:42:23","date_gmt":"2021-10-14T02:42:23","guid":{"rendered":"https:\/\/cibumcr.com\/?page_id=3646"},"modified":"2021-11-10T19:24:33","modified_gmt":"2021-11-10T19:24:33","slug":"blog-de-alimentacion-saludable","status":"publish","type":"page","link":"https:\/\/cibumcr.com\/en\/blog-de-alimentacion-saludable\/","title":{"rendered":"Blog"},"content":{"rendered":"<div data-elementor-type=\"wp-page\" data-elementor-id=\"3646\" class=\"elementor elementor-3646\">\n\t\t\t\t\t\t<section class=\"elementor-section elementor-top-section elementor-element elementor-element-d6c6ffe elementor-section-boxed elementor-section-height-default elementor-section-height-default\" data-id=\"d6c6ffe\" data-element_type=\"section\">\n\t\t\t\t\t\t<div class=\"elementor-container elementor-column-gap-default\">\n\t\t\t\t\t<div class=\"elementor-column elementor-col-100 elementor-top-column elementor-element elementor-element-921087b\" data-id=\"921087b\" data-element_type=\"column\">\n\t\t\t<div class=\"elementor-widget-wrap elementor-element-populated\">\n\t\t\t\t\t\t<div class=\"elementor-element elementor-element-9d37ade elementor-widget elementor-widget-image\" data-id=\"9d37ade\" data-element_type=\"widget\" data-widget_type=\"image.default\">\n\t\t\t\t<div class=\"elementor-widget-container\">\n\t\t\t\t\t\t\t\t\t\t\t\t\t\t\t<img decoding=\"async\" width=\"300\" height=\"31\" src=\"https:\/\/cibumcr.com\/wp-content\/uploads\/2021\/10\/Alimentacionsaludable-en.png\" class=\"attachment-medium size-medium wp-image-3742\" alt=\"\" \/>\t\t\t\t\t\t\t\t\t\t\t\t\t\t\t<\/div>\n\t\t\t\t<\/div>\n\t\t\t\t<div class=\"elementor-element elementor-element-28507ed elementor-widget elementor-widget-blogmentor_blog_posts\" data-id=\"28507ed\" data-element_type=\"widget\" data-widget_type=\"blogmentor_blog_posts.default\">\n\t\t\t\t<div class=\"elementor-widget-container\">\n\t\t\t\t\t\t\t\n\t\t\t\t<script>\n\tjQuery(function($) {\n    \/\/ init Masonry\n    var $grid = $('.bm-masonry-grid').masonry({\n        \/\/ options\n        itemSelector: '.bm-masonry-item',\n\n    });\n    \/\/ layout Masonry after each image loads\n    $grid.imagesLoaded().progress( function() {\n        $grid.masonry('layout');\n    });\n});\n<\/script>\n<div class=\"bm-masonry-style-2\">\n\t<div class=\"bm-masonry-grid\">\n\t\t\t\t<div class=\"bm-masonry-item bm_content_box\">\n\t\t\t\t\t\t\t<div class=\"bm-masonry-wrapper\">\n\t\t\t\t\t<div class=\"bm-masonry-title\">\n\t\t\t\t\t\t<h4 class=\"bm_title\"><a href=\"https:\/\/cibumcr.com\/en\/2021\/11\/22\/la-belleza-desde-adentro\/\" rel=\"bookmark\">Beauty from within<\/a><\/h4>\t\t\t\t\t<\/div>\n\t\t\t\t<\/div>\n\t\t\t\t\t\t\t\t\t<div class=\"bm-post-image clearfix bm-hover-effect bm-hover-effect-opacity\">\n\t\t\t\t\t<img fetchpriority=\"high\" decoding=\"async\" width=\"300\" height=\"189\" src=\"https:\/\/cibumcr.com\/wp-content\/uploads\/2021\/11\/pexels-alleksana-4051767-V4-300x189.jpg\" class=\"attachment-medium size-medium wp-post-image\" alt=\"\" srcset=\"https:\/\/cibumcr.com\/wp-content\/uploads\/2021\/11\/pexels-alleksana-4051767-V4-300x189.jpg 300w, https:\/\/cibumcr.com\/wp-content\/uploads\/2021\/11\/pexels-alleksana-4051767-V4-1024x647.jpg 1024w, https:\/\/cibumcr.com\/wp-content\/uploads\/2021\/11\/pexels-alleksana-4051767-V4-768x485.jpg 768w, https:\/\/cibumcr.com\/wp-content\/uploads\/2021\/11\/pexels-alleksana-4051767-V4-1536x970.jpg 1536w, https:\/\/cibumcr.com\/wp-content\/uploads\/2021\/11\/pexels-alleksana-4051767-V4-2048x1294.jpg 2048w, https:\/\/cibumcr.com\/wp-content\/uploads\/2021\/11\/pexels-alleksana-4051767-V4-18x12.jpg 18w, https:\/\/cibumcr.com\/wp-content\/uploads\/2021\/11\/pexels-alleksana-4051767-V4-600x379.jpg 600w\" sizes=\"(max-width: 300px) 100vw, 300px\" \/>\t\t\t\t\t<\/div>\n\t\t\t\t\t\t\t\t<div class=\"bm-masonry-wrapper\">\n\t\t\t\t\t<div class=\"bm-masonry-meta bm_meta\">\n\t\t\t\t\t\t\t\t\t\t<\/div>\n\t\t\t\t\t<div class=\"bm-masonry-desc bm_content\">\n\t\t\t\t\tThe collagen is the most abundant protein in our body. The skin, joints, nails, and hair depend on this wonderful protein to achieve optimal condition.\u00a0<a href=\"https:\/\/cibumcr.com\/en\/2021\/11\/22\/la-belleza-desde-adentro\/\" rel=\"bookmark\" class=\"bm-read-more entry-read-more\">Read more \u00bb<\/a>\t\t\t\t\t<\/div>\n\t\t\t\t<\/div>\n\t\t\t\t\t\t<\/div>\n\t\t\t\t<div class=\"bm-masonry-item bm_content_box\">\n\t\t\t\t\t\t\t<div class=\"bm-masonry-wrapper\">\n\t\t\t\t\t<div class=\"bm-masonry-title\">\n\t\t\t\t\t\t<h4 class=\"bm_title\"><a href=\"https:\/\/cibumcr.com\/en\/2021\/10\/25\/el-dha-y-nuestra-salud\/\" rel=\"bookmark\">DHA and our health<\/a><\/h4>\t\t\t\t\t<\/div>\n\t\t\t\t<\/div>\n\t\t\t\t\t\t\t\t\t<div class=\"bm-post-image clearfix bm-hover-effect bm-hover-effect-opacity\">\n\t\t\t\t\t<img decoding=\"async\" width=\"300\" height=\"184\" src=\"https:\/\/cibumcr.com\/wp-content\/uploads\/2021\/10\/pexels-anna-pou-8330328-1-scaled-e1635186313376-300x184.jpg\" class=\"attachment-medium size-medium wp-post-image\" alt=\"\" srcset=\"https:\/\/cibumcr.com\/wp-content\/uploads\/2021\/10\/pexels-anna-pou-8330328-1-scaled-e1635186313376-300x184.jpg 300w, https:\/\/cibumcr.com\/wp-content\/uploads\/2021\/10\/pexels-anna-pou-8330328-1-scaled-e1635186313376-1024x627.jpg 1024w, https:\/\/cibumcr.com\/wp-content\/uploads\/2021\/10\/pexels-anna-pou-8330328-1-scaled-e1635186313376-768x470.jpg 768w, https:\/\/cibumcr.com\/wp-content\/uploads\/2021\/10\/pexels-anna-pou-8330328-1-scaled-e1635186313376-1536x940.jpg 1536w, https:\/\/cibumcr.com\/wp-content\/uploads\/2021\/10\/pexels-anna-pou-8330328-1-scaled-e1635186313376-18x12.jpg 18w, https:\/\/cibumcr.com\/wp-content\/uploads\/2021\/10\/pexels-anna-pou-8330328-1-scaled-e1635186313376-600x367.jpg 600w, https:\/\/cibumcr.com\/wp-content\/uploads\/2021\/10\/pexels-anna-pou-8330328-1-scaled-e1635186313376.jpg 1707w\" sizes=\"(max-width: 300px) 100vw, 300px\" \/>\t\t\t\t\t<\/div>\n\t\t\t\t\t\t\t\t<div class=\"bm-masonry-wrapper\">\n\t\t\t\t\t<div class=\"bm-masonry-meta bm_meta\">\n\t\t\t\t\t\t\t\t\t\t<\/div>\n\t\t\t\t\t<div class=\"bm-masonry-desc bm_content\">\n\t\t\t\t\tThere are several compounds present in nature that we can use to enhance various functions in our bodies. This time we will focus on docosahexaenoic acid, better known as DHA.<a href=\"https:\/\/cibumcr.com\/en\/2021\/10\/25\/el-dha-y-nuestra-salud\/\" rel=\"bookmark\" class=\"bm-read-more entry-read-more\">Read more \u00bb<\/a>\t\t\t\t\t<\/div>\n\t\t\t\t<\/div>\n\t\t\t\t\t\t<\/div>\n\t\t\t\t<div class=\"bm-masonry-item bm_content_box\">\n\t\t\t\t\t\t\t<div class=\"bm-masonry-wrapper\">\n\t\t\t\t\t<div class=\"bm-masonry-title\">\n\t\t\t\t\t\t<h4 class=\"bm_title\"><a href=\"https:\/\/cibumcr.com\/en\/2021\/10\/14\/alimentos-funcionales\/\" rel=\"bookmark\">What are functional foods?<\/a><\/h4>\t\t\t\t\t<\/div>\n\t\t\t\t<\/div>\n\t\t\t\t\t\t\t\t\t<div class=\"bm-post-image clearfix bm-hover-effect bm-hover-effect-opacity\">\n\t\t\t\t\t<img loading=\"lazy\" decoding=\"async\" width=\"300\" height=\"184\" src=\"https:\/\/cibumcr.com\/wp-content\/uploads\/2021\/10\/pexels-the-lazy-artist-gallery-1438077-1-300x184.jpg\" class=\"attachment-medium size-medium wp-post-image\" alt=\"\" srcset=\"https:\/\/cibumcr.com\/wp-content\/uploads\/2021\/10\/pexels-the-lazy-artist-gallery-1438077-1-300x184.jpg 300w, https:\/\/cibumcr.com\/wp-content\/uploads\/2021\/10\/pexels-the-lazy-artist-gallery-1438077-1-1024x627.jpg 1024w, https:\/\/cibumcr.com\/wp-content\/uploads\/2021\/10\/pexels-the-lazy-artist-gallery-1438077-1-768x470.jpg 768w, https:\/\/cibumcr.com\/wp-content\/uploads\/2021\/10\/pexels-the-lazy-artist-gallery-1438077-1-1536x941.jpg 1536w, https:\/\/cibumcr.com\/wp-content\/uploads\/2021\/10\/pexels-the-lazy-artist-gallery-1438077-1-2048x1254.jpg 2048w, https:\/\/cibumcr.com\/wp-content\/uploads\/2021\/10\/pexels-the-lazy-artist-gallery-1438077-1-18x12.jpg 18w, https:\/\/cibumcr.com\/wp-content\/uploads\/2021\/10\/pexels-the-lazy-artist-gallery-1438077-1-600x368.jpg 600w\" sizes=\"(max-width: 300px) 100vw, 300px\" \/>\t\t\t\t\t<\/div>\n\t\t\t\t\t\t\t\t<div class=\"bm-masonry-wrapper\">\n\t\t\t\t\t<div class=\"bm-masonry-meta bm_meta\">\n\t\t\t\t\t\t\t\t\t\t<\/div>\n\t\t\t\t\t<div class=\"bm-masonry-desc bm_content\">\n\t\t\t\t\tMany times we have heard the phrase \"We are the ones who eat\" which reflects a close relationship between our diet and our being, both physically and mentally. The way<a href=\"https:\/\/cibumcr.com\/en\/2021\/10\/14\/alimentos-funcionales\/\" rel=\"bookmark\" class=\"bm-read-more entry-read-more\">Read more \u00bb<\/a>\t\t\t\t\t<\/div>\n\t\t\t\t<\/div>\n\t\t\t\t\t\t<\/div>\n\t\t<\/div>\n<\/div>\t\t\t<div class=\"bm-pagination pagination_style_1\">\n\t\t\t\t\t\t\t<\/div>\n\t\t\t\t\t\t<\/div>\n\t\t\t\t<\/div>\n\t\t\t\t\t<\/div>\n\t\t<\/div>\n\t\t\t\t\t<\/div>\n\t\t<\/section>\n\t\t\t\t<\/div>","protected":false},"excerpt":{"rendered":"<p>El DHA y nuestra salud Varios son los compuestos presentes en la naturaleza de los cuales podemos echar mano para potenciar diversas funciones en nuestro cuerpo. En esta oportunidad nos&hellip;<\/p>","protected":false},"author":1,"featured_media":0,"parent":0,"menu_order":0,"comment_status":"closed","ping_status":"closed","template":"","meta":{"om_disable_all_campaigns":false,"footnotes":""},"class_list":["post-3646","page","type-page","status-publish","hentry"],"yoast_head":"<!-- This site is optimized with the Yoast SEO plugin v26.9 - https:\/\/yoast.com\/product\/yoast-seo-wordpress\/ -->\n<title>Blog de Alimentaci\u00f3n Saludable - Cibum<\/title>\n<meta name=\"description\" content=\"En nuestro blog de alimentaci\u00f3n saludable encontraras los mejores tips y consejos sobre nutrici\u00f3n, para que te mantengas saludable.\" \/>\n<meta name=\"robots\" content=\"index, follow, max-snippet:-1, max-image-preview:large, max-video-preview:-1\" \/>\n<link rel=\"canonical\" href=\"https:\/\/cibumcr.com\/en\/blog-de-alimentacion-saludable\/\" \/>\n<meta property=\"og:locale\" content=\"en_US\" \/>\n<meta property=\"og:type\" content=\"article\" \/>\n<meta property=\"og:title\" content=\"Blog de Alimentaci\u00f3n Saludable - Cibum\" \/>\n<meta property=\"og:description\" content=\"En nuestro blog de alimentaci\u00f3n saludable encontraras los mejores tips y consejos sobre nutrici\u00f3n, para que te mantengas saludable.\" \/>\n<meta property=\"og:url\" content=\"https:\/\/cibumcr.com\/en\/blog-de-alimentacion-saludable\/\" \/>\n<meta property=\"og:site_name\" content=\"Cibum\" \/>\n<meta property=\"article:modified_time\" content=\"2021-11-10T19:24:33+00:00\" \/>\n<meta property=\"og:image\" content=\"https:\/\/cibumcr.com\/wp-content\/uploads\/2021\/10\/Alimentacion-saludable-2.svg\" \/>\n<meta name=\"twitter:card\" content=\"summary_large_image\" \/>\n<script type=\"application\/ld+json\" class=\"yoast-schema-graph\">{\"@context\":\"https:\/\/schema.org\",\"@graph\":[{\"@type\":\"WebPage\",\"@id\":\"https:\/\/cibumcr.com\/blog-de-alimentacion-saludable\/\",\"url\":\"https:\/\/cibumcr.com\/blog-de-alimentacion-saludable\/\",\"name\":\"Blog de Alimentaci\u00f3n Saludable - Cibum\",\"isPartOf\":{\"@id\":\"https:\/\/cibumcr.com\/en\/#website\"},\"primaryImageOfPage\":{\"@id\":\"https:\/\/cibumcr.com\/blog-de-alimentacion-saludable\/#primaryimage\"},\"image\":{\"@id\":\"https:\/\/cibumcr.com\/blog-de-alimentacion-saludable\/#primaryimage\"},\"thumbnailUrl\":\"https:\/\/cibumcr.com\/wp-content\/uploads\/2021\/10\/Alimentacion-saludable-2.svg\",\"datePublished\":\"2021-10-14T02:42:23+00:00\",\"dateModified\":\"2021-11-10T19:24:33+00:00\",\"description\":\"En nuestro blog de alimentaci\u00f3n saludable encontraras los mejores tips y consejos sobre nutrici\u00f3n, para que te mantengas saludable.\",\"breadcrumb\":{\"@id\":\"https:\/\/cibumcr.com\/blog-de-alimentacion-saludable\/#breadcrumb\"},\"inLanguage\":\"en-US\",\"potentialAction\":[{\"@type\":\"ReadAction\",\"target\":[\"https:\/\/cibumcr.com\/blog-de-alimentacion-saludable\/\"]}]},{\"@type\":\"ImageObject\",\"inLanguage\":\"en-US\",\"@id\":\"https:\/\/cibumcr.com\/blog-de-alimentacion-saludable\/#primaryimage\",\"url\":\"https:\/\/cibumcr.com\/wp-content\/uploads\/2021\/10\/Alimentacion-saludable-2.svg\",\"contentUrl\":\"https:\/\/cibumcr.com\/wp-content\/uploads\/2021\/10\/Alimentacion-saludable-2.svg\"},{\"@type\":\"BreadcrumbList\",\"@id\":\"https:\/\/cibumcr.com\/blog-de-alimentacion-saludable\/#breadcrumb\",\"itemListElement\":[{\"@type\":\"ListItem\",\"position\":1,\"name\":\"Portada\",\"item\":\"https:\/\/cibumcr.com\/en\/\"},{\"@type\":\"ListItem\",\"position\":2,\"name\":\"Blog\"}]},{\"@type\":\"WebSite\",\"@id\":\"https:\/\/cibumcr.com\/en\/#website\",\"url\":\"https:\/\/cibumcr.com\/en\/\",\"name\":\"Cibum\",\"description\":\"100% Natural\",\"publisher\":{\"@id\":\"https:\/\/cibumcr.com\/en\/#organization\"},\"potentialAction\":[{\"@type\":\"SearchAction\",\"target\":{\"@type\":\"EntryPoint\",\"urlTemplate\":\"https:\/\/cibumcr.com\/en\/?s={search_term_string}\"},\"query-input\":{\"@type\":\"PropertyValueSpecification\",\"valueRequired\":true,\"valueName\":\"search_term_string\"}}],\"inLanguage\":\"en-US\"},{\"@type\":\"Organization\",\"@id\":\"https:\/\/cibumcr.com\/en\/#organization\",\"name\":\"Cibum\",\"url\":\"https:\/\/cibumcr.com\/en\/\",\"logo\":{\"@type\":\"ImageObject\",\"inLanguage\":\"en-US\",\"@id\":\"https:\/\/cibumcr.com\/en\/#\/schema\/logo\/image\/\",\"url\":\"https:\/\/cibumcr.com\/wp-content\/uploads\/2020\/02\/logo.jpg\",\"contentUrl\":\"https:\/\/cibumcr.com\/wp-content\/uploads\/2020\/02\/logo.jpg\",\"width\":417,\"height\":417,\"caption\":\"Cibum\"},\"image\":{\"@id\":\"https:\/\/cibumcr.com\/en\/#\/schema\/logo\/image\/\"}}]}<\/script>\n<!-- \/ Yoast SEO plugin. -->","yoast_head_json":{"title":"Blog de Alimentaci\u00f3n Saludable - Cibum","description":"En nuestro blog de alimentaci\u00f3n saludable encontraras los mejores tips y consejos sobre nutrici\u00f3n, para que te mantengas saludable.","robots":{"index":"index","follow":"follow","max-snippet":"max-snippet:-1","max-image-preview":"max-image-preview:large","max-video-preview":"max-video-preview:-1"},"canonical":"https:\/\/cibumcr.com\/en\/blog-de-alimentacion-saludable\/","og_locale":"en_US","og_type":"article","og_title":"Blog de Alimentaci\u00f3n Saludable - Cibum","og_description":"En nuestro blog de alimentaci\u00f3n saludable encontraras los mejores tips y consejos sobre nutrici\u00f3n, para que te mantengas saludable.","og_url":"https:\/\/cibumcr.com\/en\/blog-de-alimentacion-saludable\/","og_site_name":"Cibum","article_modified_time":"2021-11-10T19:24:33+00:00","og_image":[{"url":"https:\/\/cibumcr.com\/wp-content\/uploads\/2021\/10\/Alimentacion-saludable-2.svg","type":"","width":"","height":""}],"twitter_card":"summary_large_image","schema":{"@context":"https:\/\/schema.org","@graph":[{"@type":"WebPage","@id":"https:\/\/cibumcr.com\/blog-de-alimentacion-saludable\/","url":"https:\/\/cibumcr.com\/blog-de-alimentacion-saludable\/","name":"Blog de Alimentaci\u00f3n Saludable - Cibum","isPartOf":{"@id":"https:\/\/cibumcr.com\/en\/#website"},"primaryImageOfPage":{"@id":"https:\/\/cibumcr.com\/blog-de-alimentacion-saludable\/#primaryimage"},"image":{"@id":"https:\/\/cibumcr.com\/blog-de-alimentacion-saludable\/#primaryimage"},"thumbnailUrl":"https:\/\/cibumcr.com\/wp-content\/uploads\/2021\/10\/Alimentacion-saludable-2.svg","datePublished":"2021-10-14T02:42:23+00:00","dateModified":"2021-11-10T19:24:33+00:00","description":"En nuestro blog de alimentaci\u00f3n saludable encontraras los mejores tips y consejos sobre nutrici\u00f3n, para que te mantengas saludable.","breadcrumb":{"@id":"https:\/\/cibumcr.com\/blog-de-alimentacion-saludable\/#breadcrumb"},"inLanguage":"en-US","potentialAction":[{"@type":"ReadAction","target":["https:\/\/cibumcr.com\/blog-de-alimentacion-saludable\/"]}]},{"@type":"ImageObject","inLanguage":"en-US","@id":"https:\/\/cibumcr.com\/blog-de-alimentacion-saludable\/#primaryimage","url":"https:\/\/cibumcr.com\/wp-content\/uploads\/2021\/10\/Alimentacion-saludable-2.svg","contentUrl":"https:\/\/cibumcr.com\/wp-content\/uploads\/2021\/10\/Alimentacion-saludable-2.svg"},{"@type":"BreadcrumbList","@id":"https:\/\/cibumcr.com\/blog-de-alimentacion-saludable\/#breadcrumb","itemListElement":[{"@type":"ListItem","position":1,"name":"Portada","item":"https:\/\/cibumcr.com\/en\/"},{"@type":"ListItem","position":2,"name":"Blog"}]},{"@type":"WebSite","@id":"https:\/\/cibumcr.com\/en\/#website","url":"https:\/\/cibumcr.com\/en\/","name":"Cibum","description":"100% Natural","publisher":{"@id":"https:\/\/cibumcr.com\/en\/#organization"},"potentialAction":[{"@type":"SearchAction","target":{"@type":"EntryPoint","urlTemplate":"https:\/\/cibumcr.com\/en\/?s={search_term_string}"},"query-input":{"@type":"PropertyValueSpecification","valueRequired":true,"valueName":"search_term_string"}}],"inLanguage":"en-US"},{"@type":"Organization","@id":"https:\/\/cibumcr.com\/en\/#organization","name":"Cibum","url":"https:\/\/cibumcr.com\/en\/","logo":{"@type":"ImageObject","inLanguage":"en-US","@id":"https:\/\/cibumcr.com\/en\/#\/schema\/logo\/image\/","url":"https:\/\/cibumcr.com\/wp-content\/uploads\/2020\/02\/logo.jpg","contentUrl":"https:\/\/cibumcr.com\/wp-content\/uploads\/2020\/02\/logo.jpg","width":417,"height":417,"caption":"Cibum"},"image":{"@id":"https:\/\/cibumcr.com\/en\/#\/schema\/logo\/image\/"}}]}},"_links":{"self":[{"href":"https:\/\/cibumcr.com\/en\/wp-json\/wp\/v2\/pages\/3646","targetHints":{"allow":["GET"]}}],"collection":[{"href":"https:\/\/cibumcr.com\/en\/wp-json\/wp\/v2\/pages"}],"about":[{"href":"https:\/\/cibumcr.com\/en\/wp-json\/wp\/v2\/types\/page"}],"author":[{"embeddable":true,"href":"https:\/\/cibumcr.com\/en\/wp-json\/wp\/v2\/users\/1"}],"replies":[{"embeddable":true,"href":"https:\/\/cibumcr.com\/en\/wp-json\/wp\/v2\/comments?post=3646"}],"version-history":[{"count":55,"href":"https:\/\/cibumcr.com\/en\/wp-json\/wp\/v2\/pages\/3646\/revisions"}],"predecessor-version":[{"id":4063,"href":"https:\/\/cibumcr.com\/en\/wp-json\/wp\/v2\/pages\/3646\/revisions\/4063"}],"wp:attachment":[{"href":"https:\/\/cibumcr.com\/en\/wp-json\/wp\/v2\/media?parent=3646"}],"curies":[{"name":"wp","href":"https:\/\/api.w.org\/{rel}","templated":true}]}}