{"id":2175,"date":"2021-09-25T23:58:38","date_gmt":"2021-09-25T23:58:38","guid":{"rendered":"https:\/\/cibumcr.com\/?page_id=2175"},"modified":"2021-11-10T19:25:33","modified_gmt":"2021-11-10T19:25:33","slug":"bebes","status":"publish","type":"page","link":"https:\/\/cibumcr.com\/en\/bebes\/","title":{"rendered":"Categor\u00eda Beb\u00e9s"},"content":{"rendered":"<div data-elementor-type=\"wp-post\" data-elementor-id=\"2175\" class=\"elementor elementor-2175\">\n\t\t\t\t\t\t<section class=\"elementor-section elementor-top-section elementor-element elementor-element-8c33314 elementor-section-full_width elementor-section-stretched elementor-section-height-default elementor-section-height-default\" data-id=\"8c33314\" data-element_type=\"section\" data-settings=\"{&quot;stretch_section&quot;:&quot;section-stretched&quot;}\">\n\t\t\t\t\t\t<div class=\"elementor-container elementor-column-gap-default\">\n\t\t\t\t\t<div class=\"elementor-column elementor-col-100 elementor-top-column elementor-element elementor-element-2302761\" data-id=\"2302761\" data-element_type=\"column\">\n\t\t\t<div class=\"elementor-widget-wrap elementor-element-populated\">\n\t\t\t\t\t\t<div class=\"elementor-element elementor-element-7de4bbd elementor-widget elementor-widget-image\" data-id=\"7de4bbd\" data-element_type=\"widget\" data-widget_type=\"image.default\">\n\t\t\t\t<div class=\"elementor-widget-container\">\n\t\t\t\t\t\t\t\t\t\t\t\t\t\t\t<img fetchpriority=\"high\" decoding=\"async\" width=\"1200\" height=\"600\" src=\"https:\/\/cibumcr.com\/wp-content\/uploads\/2021\/10\/Bebes.png\" class=\"attachment-full size-full wp-image-3994\" alt=\"\" srcset=\"https:\/\/cibumcr.com\/wp-content\/uploads\/2021\/10\/Bebes.png 1200w, https:\/\/cibumcr.com\/wp-content\/uploads\/2021\/10\/Bebes-300x150.png 300w, https:\/\/cibumcr.com\/wp-content\/uploads\/2021\/10\/Bebes-1024x512.png 1024w, https:\/\/cibumcr.com\/wp-content\/uploads\/2021\/10\/Bebes-768x384.png 768w, https:\/\/cibumcr.com\/wp-content\/uploads\/2021\/10\/Bebes-18x9.png 18w, https:\/\/cibumcr.com\/wp-content\/uploads\/2021\/10\/Bebes-600x300.png 600w\" sizes=\"(max-width: 1200px) 100vw, 1200px\" \/>\t\t\t\t\t\t\t\t\t\t\t\t\t\t\t<\/div>\n\t\t\t\t<\/div>\n\t\t\t\t<div class=\"elementor-element elementor-element-8aca42d elementor-widget elementor-widget-heading\" data-id=\"8aca42d\" data-element_type=\"widget\" data-widget_type=\"heading.default\">\n\t\t\t\t<div class=\"elementor-widget-container\">\n\t\t\t\t\t<h1 class=\"elementor-heading-title elementor-size-xxl\">BABIES<\/h1>\t\t\t\t<\/div>\n\t\t\t\t<\/div>\n\t\t\t\t\t<\/div>\n\t\t<\/div>\n\t\t\t\t\t<\/div>\n\t\t<\/section>\n\t\t\t\t<section class=\"elementor-section elementor-top-section elementor-element elementor-element-cdf12d3 elementor-section-boxed elementor-section-height-default elementor-section-height-default\" data-id=\"cdf12d3\" data-element_type=\"section\">\n\t\t\t\t\t\t<div class=\"elementor-container elementor-column-gap-default\">\n\t\t\t\t\t<div class=\"elementor-column elementor-col-100 elementor-top-column elementor-element elementor-element-4a8b902\" data-id=\"4a8b902\" data-element_type=\"column\">\n\t\t\t<div class=\"elementor-widget-wrap elementor-element-populated\">\n\t\t\t\t\t\t<section class=\"elementor-section elementor-inner-section elementor-element elementor-element-d0c56b5 elementor-section-content-middle elementor-section-boxed elementor-section-height-default elementor-section-height-default\" data-id=\"d0c56b5\" data-element_type=\"section\">\n\t\t\t\t\t\t<div class=\"elementor-container elementor-column-gap-default\">\n\t\t\t\t\t<div class=\"elementor-column elementor-col-50 elementor-inner-column elementor-element elementor-element-0de47fb\" data-id=\"0de47fb\" data-element_type=\"column\">\n\t\t\t<div class=\"elementor-widget-wrap elementor-element-populated\">\n\t\t\t\t\t\t<div class=\"elementor-element elementor-element-04608fb elementor-view-default elementor-widget elementor-widget-icon\" data-id=\"04608fb\" data-element_type=\"widget\" data-widget_type=\"icon.default\">\n\t\t\t\t<div class=\"elementor-widget-container\">\n\t\t\t\t\t\t\t<div class=\"elementor-icon-wrapper\">\n\t\t\t<div class=\"elementor-icon\">\n\t\t\t<i aria-hidden=\"true\" class=\"far fa-arrow-alt-circle-right\"><\/i>\t\t\t<\/div>\n\t\t<\/div>\n\t\t\t\t\t\t<\/div>\n\t\t\t\t<\/div>\n\t\t\t\t\t<\/div>\n\t\t<\/div>\n\t\t\t\t<div class=\"elementor-column elementor-col-50 elementor-inner-column elementor-element elementor-element-3f9dca6\" data-id=\"3f9dca6\" data-element_type=\"column\">\n\t\t\t<div class=\"elementor-widget-wrap elementor-element-populated\">\n\t\t\t\t\t\t<div class=\"elementor-element elementor-element-c7f021f elementor-widget elementor-widget-heading\" data-id=\"c7f021f\" data-element_type=\"widget\" data-widget_type=\"heading.default\">\n\t\t\t\t<div class=\"elementor-widget-container\">\n\t\t\t\t\t<h2 class=\"elementor-heading-title elementor-size-default\">Fruit Sauce<\/h2>\t\t\t\t<\/div>\n\t\t\t\t<\/div>\n\t\t\t\t\t<\/div>\n\t\t<\/div>\n\t\t\t\t\t<\/div>\n\t\t<\/section>\n\t\t\t\t<div class=\"elementor-element elementor-element-3b9aae7 eael-product-grid-column-4 elementor-widget elementor-widget-eicon-woocommerce\" data-id=\"3b9aae7\" data-element_type=\"widget\" data-widget_type=\"eicon-woocommerce.default\">\n\t\t\t\t<div class=\"elementor-widget-container\">\n\t\t\t\t\t\n        <div class=\"eael-product-grid eael-product-simple grid\" id=\"eael-product-grid\" data-widget-id=\"3b9aae7\" data-page-id=\"2175\" data-nonce=\"61f513c82b\" >\n            <div class=\"woocommerce\">\n                <ul class=\"products\" data-layout-mode=\"grid\"> <li class=\"product\">\n<div class=\"eael-product-wrap\">\n    <a href=\"https:\/\/cibumcr.com\/en\/product\/compota-de-mango\/\" class=\"woocommerce-LoopProduct-link woocommerce-loop-product__link\"><img decoding=\"async\" width=\"300\" height=\"300\" src=\"https:\/\/cibumcr.com\/wp-content\/uploads\/2021\/09\/Compota-mango-300x300.png\" class=\"attachment-woocommerce_thumbnail size-woocommerce_thumbnail wvs-archive-product-image\" alt=\"Mango\" loading=\"eager\" srcset=\"https:\/\/cibumcr.com\/wp-content\/uploads\/2021\/09\/Compota-mango-300x300.png 300w, https:\/\/cibumcr.com\/wp-content\/uploads\/2021\/09\/Compota-mango-1024x1024.png 1024w, https:\/\/cibumcr.com\/wp-content\/uploads\/2021\/09\/Compota-mango-150x150.png 150w, https:\/\/cibumcr.com\/wp-content\/uploads\/2021\/09\/Compota-mango-768x768.png 768w, https:\/\/cibumcr.com\/wp-content\/uploads\/2021\/09\/Compota-mango-12x12.png 12w, https:\/\/cibumcr.com\/wp-content\/uploads\/2021\/09\/Compota-mango-250x250.png 250w, https:\/\/cibumcr.com\/wp-content\/uploads\/2021\/09\/Compota-mango-600x600.png 600w, https:\/\/cibumcr.com\/wp-content\/uploads\/2021\/09\/Compota-mango.png 1200w\" sizes=\"(max-width: 300px) 100vw, 300px\" \/><\/a><div class=\"eael-product-title\">\n    <a href=\"https:\/\/cibumcr.com\/en\/product\/compota-de-mango\/\" class=\"woocommerce-LoopProduct-link woocommerce-loop-product__link\"><h2 class=\"woocommerce-loop-product__title\">Mango<\/h2><\/a>\n    <\/div>    <a href=\"https:\/\/cibumcr.com\/en\/product\/compota-de-mango\/\" aria-describedby=\"woocommerce_loop_add_to_cart_link_describedby_1937\" data-quantity=\"1\" class=\"button product_type_simple si-btn\" data-product_id=\"1937\" data-product_sku=\"\" aria-label=\"Read more about \u201cMango\u201d\" rel=\"nofollow\" data-success_message=\"\" data-no-translation=\"\" data-trp-gettext=\"\" data-no-translation-aria-label=\"\">Read more<\/a>\t<span id=\"woocommerce_loop_add_to_cart_link_describedby_1937\" class=\"screen-reader-text\">\n\t\t\t<\/span>\n    \n<\/div>\n\n<\/li> <li class=\"product\">\n<div class=\"eael-product-wrap\">\n    <a href=\"https:\/\/cibumcr.com\/en\/product\/compota-de-pina-banano\/\" class=\"woocommerce-LoopProduct-link woocommerce-loop-product__link\"><img decoding=\"async\" width=\"300\" height=\"300\" src=\"https:\/\/cibumcr.com\/wp-content\/uploads\/2021\/09\/Compota-PinaBanano-300x300.png\" class=\"attachment-woocommerce_thumbnail size-woocommerce_thumbnail wvs-archive-product-image\" alt=\"Pi\u00f1a y Banano\" loading=\"eager\" srcset=\"https:\/\/cibumcr.com\/wp-content\/uploads\/2021\/09\/Compota-PinaBanano-300x300.png 300w, https:\/\/cibumcr.com\/wp-content\/uploads\/2021\/09\/Compota-PinaBanano-1024x1024.png 1024w, https:\/\/cibumcr.com\/wp-content\/uploads\/2021\/09\/Compota-PinaBanano-150x150.png 150w, https:\/\/cibumcr.com\/wp-content\/uploads\/2021\/09\/Compota-PinaBanano-768x768.png 768w, https:\/\/cibumcr.com\/wp-content\/uploads\/2021\/09\/Compota-PinaBanano-12x12.png 12w, https:\/\/cibumcr.com\/wp-content\/uploads\/2021\/09\/Compota-PinaBanano-250x250.png 250w, https:\/\/cibumcr.com\/wp-content\/uploads\/2021\/09\/Compota-PinaBanano-600x600.png 600w, https:\/\/cibumcr.com\/wp-content\/uploads\/2021\/09\/Compota-PinaBanano.png 1200w\" sizes=\"(max-width: 300px) 100vw, 300px\" \/><\/a><div class=\"eael-product-title\">\n    <a href=\"https:\/\/cibumcr.com\/en\/product\/compota-de-pina-banano\/\" class=\"woocommerce-LoopProduct-link woocommerce-loop-product__link\"><h2 class=\"woocommerce-loop-product__title\">Pineapple - Banana<\/h2><\/a>\n    <\/div>    <a href=\"https:\/\/cibumcr.com\/en\/product\/compota-de-pina-banano\/\" aria-describedby=\"woocommerce_loop_add_to_cart_link_describedby_1936\" data-quantity=\"1\" class=\"button product_type_simple si-btn\" data-product_id=\"1936\" data-product_sku=\"\" aria-label=\"Read more about \u201cPi\u00f1a y Banano\u201d\" rel=\"nofollow\" data-success_message=\"\" data-no-translation=\"\" data-trp-gettext=\"\" data-no-translation-aria-label=\"\">Read more<\/a>\t<span id=\"woocommerce_loop_add_to_cart_link_describedby_1936\" class=\"screen-reader-text\">\n\t\t\t<\/span>\n    \n<\/div>\n\n<\/li> <li class=\"product\">\n<div class=\"eael-product-wrap\">\n    <a href=\"https:\/\/cibumcr.com\/en\/product\/compota-de-manzana-banano\/\" class=\"woocommerce-LoopProduct-link woocommerce-loop-product__link\"><img decoding=\"async\" width=\"300\" height=\"300\" src=\"https:\/\/cibumcr.com\/wp-content\/uploads\/2021\/09\/Compota-ManzanaBanano-300x300.png\" class=\"attachment-woocommerce_thumbnail size-woocommerce_thumbnail wvs-archive-product-image\" alt=\"Manzana y Banano\" loading=\"eager\" srcset=\"https:\/\/cibumcr.com\/wp-content\/uploads\/2021\/09\/Compota-ManzanaBanano-300x300.png 300w, https:\/\/cibumcr.com\/wp-content\/uploads\/2021\/09\/Compota-ManzanaBanano-1024x1024.png 1024w, https:\/\/cibumcr.com\/wp-content\/uploads\/2021\/09\/Compota-ManzanaBanano-150x150.png 150w, https:\/\/cibumcr.com\/wp-content\/uploads\/2021\/09\/Compota-ManzanaBanano-768x768.png 768w, https:\/\/cibumcr.com\/wp-content\/uploads\/2021\/09\/Compota-ManzanaBanano-12x12.png 12w, https:\/\/cibumcr.com\/wp-content\/uploads\/2021\/09\/Compota-ManzanaBanano-250x250.png 250w, https:\/\/cibumcr.com\/wp-content\/uploads\/2021\/09\/Compota-ManzanaBanano-600x600.png 600w, https:\/\/cibumcr.com\/wp-content\/uploads\/2021\/09\/Compota-ManzanaBanano.png 1200w\" sizes=\"(max-width: 300px) 100vw, 300px\" \/><\/a><div class=\"eael-product-title\">\n    <a href=\"https:\/\/cibumcr.com\/en\/product\/compota-de-manzana-banano\/\" class=\"woocommerce-LoopProduct-link woocommerce-loop-product__link\"><h2 class=\"woocommerce-loop-product__title\">Apple - Banana<\/h2><\/a>\n    <\/div>    <a href=\"https:\/\/cibumcr.com\/en\/product\/compota-de-manzana-banano\/\" aria-describedby=\"woocommerce_loop_add_to_cart_link_describedby_1935\" data-quantity=\"1\" class=\"button product_type_simple si-btn\" data-product_id=\"1935\" data-product_sku=\"\" aria-label=\"Read more about \u201cManzana y Banano\u201d\" rel=\"nofollow\" data-success_message=\"\" data-no-translation=\"\" data-trp-gettext=\"\" data-no-translation-aria-label=\"\">Read more<\/a>\t<span id=\"woocommerce_loop_add_to_cart_link_describedby_1935\" class=\"screen-reader-text\">\n\t\t\t<\/span>\n    \n<\/div>\n\n<\/li> <li class=\"product\">\n<div class=\"eael-product-wrap\">\n    <a href=\"https:\/\/cibumcr.com\/en\/product\/compota-de-frutas-coctel-de-frutas\/\" class=\"woocommerce-LoopProduct-link woocommerce-loop-product__link\"><img decoding=\"async\" width=\"300\" height=\"300\" src=\"https:\/\/cibumcr.com\/wp-content\/uploads\/2021\/09\/Compota-Colado-300x300.png\" class=\"attachment-woocommerce_thumbnail size-woocommerce_thumbnail wvs-archive-product-image\" alt=\"Coctel de Frutas\" loading=\"eager\" srcset=\"https:\/\/cibumcr.com\/wp-content\/uploads\/2021\/09\/Compota-Colado-300x300.png 300w, https:\/\/cibumcr.com\/wp-content\/uploads\/2021\/09\/Compota-Colado-1024x1024.png 1024w, https:\/\/cibumcr.com\/wp-content\/uploads\/2021\/09\/Compota-Colado-150x150.png 150w, https:\/\/cibumcr.com\/wp-content\/uploads\/2021\/09\/Compota-Colado-768x768.png 768w, https:\/\/cibumcr.com\/wp-content\/uploads\/2021\/09\/Compota-Colado-12x12.png 12w, https:\/\/cibumcr.com\/wp-content\/uploads\/2021\/09\/Compota-Colado-250x250.png 250w, https:\/\/cibumcr.com\/wp-content\/uploads\/2021\/09\/Compota-Colado-600x600.png 600w, https:\/\/cibumcr.com\/wp-content\/uploads\/2021\/09\/Compota-Colado.png 1200w\" sizes=\"(max-width: 300px) 100vw, 300px\" \/><\/a><div class=\"eael-product-title\">\n    <a href=\"https:\/\/cibumcr.com\/en\/product\/compota-de-frutas-coctel-de-frutas\/\" class=\"woocommerce-LoopProduct-link woocommerce-loop-product__link\"><h2 class=\"woocommerce-loop-product__title\">Fruit Cocktail<\/h2><\/a>\n    <\/div>    <a href=\"https:\/\/cibumcr.com\/en\/product\/compota-de-frutas-coctel-de-frutas\/\" aria-describedby=\"woocommerce_loop_add_to_cart_link_describedby_1934\" data-quantity=\"1\" class=\"button product_type_simple si-btn\" data-product_id=\"1934\" data-product_sku=\"\" aria-label=\"Read more about \u201cCoctel de Frutas\u201d\" rel=\"nofollow\" data-success_message=\"\" data-no-translation=\"\" data-trp-gettext=\"\" data-no-translation-aria-label=\"\">Read more<\/a>\t<span id=\"woocommerce_loop_add_to_cart_link_describedby_1934\" class=\"screen-reader-text\">\n\t\t\t<\/span>\n    \n<\/div>\n\n<\/li> <li class=\"product\">\n<div class=\"eael-product-wrap\">\n    <a href=\"https:\/\/cibumcr.com\/en\/product\/compota-de-banano\/\" class=\"woocommerce-LoopProduct-link woocommerce-loop-product__link\"><img decoding=\"async\" width=\"300\" height=\"300\" src=\"https:\/\/cibumcr.com\/wp-content\/uploads\/2021\/09\/Compota-Banana-300x300.png\" class=\"attachment-woocommerce_thumbnail size-woocommerce_thumbnail wvs-archive-product-image\" alt=\"Banano\" loading=\"eager\" srcset=\"https:\/\/cibumcr.com\/wp-content\/uploads\/2021\/09\/Compota-Banana-300x300.png 300w, https:\/\/cibumcr.com\/wp-content\/uploads\/2021\/09\/Compota-Banana-1024x1024.png 1024w, https:\/\/cibumcr.com\/wp-content\/uploads\/2021\/09\/Compota-Banana-150x150.png 150w, https:\/\/cibumcr.com\/wp-content\/uploads\/2021\/09\/Compota-Banana-768x768.png 768w, https:\/\/cibumcr.com\/wp-content\/uploads\/2021\/09\/Compota-Banana-12x12.png 12w, https:\/\/cibumcr.com\/wp-content\/uploads\/2021\/09\/Compota-Banana-250x250.png 250w, https:\/\/cibumcr.com\/wp-content\/uploads\/2021\/09\/Compota-Banana-600x600.png 600w, https:\/\/cibumcr.com\/wp-content\/uploads\/2021\/09\/Compota-Banana.png 1200w\" sizes=\"(max-width: 300px) 100vw, 300px\" \/><\/a><div class=\"eael-product-title\">\n    <a href=\"https:\/\/cibumcr.com\/en\/product\/compota-de-banano\/\" class=\"woocommerce-LoopProduct-link woocommerce-loop-product__link\"><h2 class=\"woocommerce-loop-product__title\">Banana<\/h2><\/a>\n    <\/div>    <a href=\"https:\/\/cibumcr.com\/en\/product\/compota-de-banano\/\" aria-describedby=\"woocommerce_loop_add_to_cart_link_describedby_1927\" data-quantity=\"1\" class=\"button product_type_simple si-btn\" data-product_id=\"1927\" data-product_sku=\"\" aria-label=\"Read more about \u201cBanano\u201d\" rel=\"nofollow\" data-success_message=\"\" data-no-translation=\"\" data-trp-gettext=\"\" data-no-translation-aria-label=\"\">Read more<\/a>\t<span id=\"woocommerce_loop_add_to_cart_link_describedby_1927\" class=\"screen-reader-text\">\n\t\t\t<\/span>\n    \n<\/div>\n\n<\/li><\/ul>            <\/div>\n        <\/div>\n\n        <script type=\"text\/javascript\">\n            jQuery(document).ready(function($) {\n                var $scope = jQuery(\".elementor-element-3b9aae7\");\n                var $products = $('.products', $scope);\n                var $layout_mode = $products.data('layout-mode');\n                \n                if ( $layout_mode === 'masonry' ) {\n                    \/\/ init isotope\n                    var $isotope_products = $products.isotope({\n                        itemSelector: \"li.product\",\n                        layoutMode: $layout_mode,\n                        percentPosition: true\n                    });\n\n                    $isotope_products.imagesLoaded().progress( function() {\n                        $isotope_products.isotope('layout');\n                    })\n                    \n                }\n            });\n        <\/script>\n        \t\t\t\t<\/div>\n\t\t\t\t<\/div>\n\t\t\t\t\t<\/div>\n\t\t<\/div>\n\t\t\t\t\t<\/div>\n\t\t<\/section>\n\t\t\t\t<\/div>","protected":false},"excerpt":{"rendered":"<p>BEB\u00c9S Compotas Mango Leer m\u00e1s Pi\u00f1a y Banano Leer m\u00e1s Manzana y Banano Leer m\u00e1s Coctel de Frutas Leer m\u00e1s Banano Leer m\u00e1s<\/p>","protected":false},"author":1,"featured_media":0,"parent":0,"menu_order":0,"comment_status":"closed","ping_status":"closed","template":"","meta":{"om_disable_all_campaigns":false,"footnotes":""},"class_list":["post-2175","page","type-page","status-publish","hentry"],"yoast_head":"<!-- This site is optimized with the Yoast SEO plugin v26.9 - https:\/\/yoast.com\/product\/yoast-seo-wordpress\/ -->\n<title>Colados para Beb\u00e9s - Cibum<\/title>\n<meta name=\"description\" content=\"Colados para beb\u00e9s, los m\u00e1s peque\u00f1os de la casa merecen una merienda saludable, por eso traemos los mejores colados 100% naturales.\" \/>\n<meta name=\"robots\" content=\"index, follow, max-snippet:-1, max-image-preview:large, max-video-preview:-1\" \/>\n<link rel=\"canonical\" href=\"https:\/\/cibumcr.com\/en\/bebes\/\" \/>\n<meta property=\"og:locale\" content=\"en_US\" \/>\n<meta property=\"og:type\" content=\"article\" \/>\n<meta property=\"og:title\" content=\"Colados para Beb\u00e9s - Cibum\" \/>\n<meta property=\"og:description\" content=\"Colados para beb\u00e9s, los m\u00e1s peque\u00f1os de la casa merecen una merienda saludable, por eso traemos los mejores colados 100% naturales.\" \/>\n<meta property=\"og:url\" content=\"https:\/\/cibumcr.com\/en\/bebes\/\" \/>\n<meta property=\"og:site_name\" content=\"Cibum\" \/>\n<meta property=\"article:modified_time\" content=\"2021-11-10T19:25:33+00:00\" \/>\n<meta property=\"og:image\" content=\"https:\/\/cibumcr.com\/wp-content\/uploads\/2021\/10\/Bebes.png\" \/>\n<meta name=\"twitter:card\" content=\"summary_large_image\" \/>\n<script type=\"application\/ld+json\" class=\"yoast-schema-graph\">{\"@context\":\"https:\/\/schema.org\",\"@graph\":[{\"@type\":\"WebPage\",\"@id\":\"https:\/\/cibumcr.com\/en\/bebes\/\",\"url\":\"https:\/\/cibumcr.com\/en\/bebes\/\",\"name\":\"Colados para Beb\u00e9s - Cibum\",\"isPartOf\":{\"@id\":\"https:\/\/cibumcr.com\/en\/#website\"},\"primaryImageOfPage\":{\"@id\":\"https:\/\/cibumcr.com\/en\/bebes\/#primaryimage\"},\"image\":{\"@id\":\"https:\/\/cibumcr.com\/en\/bebes\/#primaryimage\"},\"thumbnailUrl\":\"https:\/\/cibumcr.com\/wp-content\/uploads\/2021\/10\/Bebes.png\",\"datePublished\":\"2021-09-25T23:58:38+00:00\",\"dateModified\":\"2021-11-10T19:25:33+00:00\",\"description\":\"Colados para beb\u00e9s, los m\u00e1s peque\u00f1os de la casa merecen una merienda saludable, por eso traemos los mejores colados 100% naturales.\",\"breadcrumb\":{\"@id\":\"https:\/\/cibumcr.com\/en\/bebes\/#breadcrumb\"},\"inLanguage\":\"en-US\",\"potentialAction\":[{\"@type\":\"ReadAction\",\"target\":[\"https:\/\/cibumcr.com\/en\/bebes\/\"]}]},{\"@type\":\"ImageObject\",\"inLanguage\":\"en-US\",\"@id\":\"https:\/\/cibumcr.com\/en\/bebes\/#primaryimage\",\"url\":\"https:\/\/cibumcr.com\/wp-content\/uploads\/2021\/10\/Bebes.png\",\"contentUrl\":\"https:\/\/cibumcr.com\/wp-content\/uploads\/2021\/10\/Bebes.png\"},{\"@type\":\"BreadcrumbList\",\"@id\":\"https:\/\/cibumcr.com\/en\/bebes\/#breadcrumb\",\"itemListElement\":[{\"@type\":\"ListItem\",\"position\":1,\"name\":\"Portada\",\"item\":\"https:\/\/cibumcr.com\/en\/\"},{\"@type\":\"ListItem\",\"position\":2,\"name\":\"Categor\u00eda Beb\u00e9s\"}]},{\"@type\":\"WebSite\",\"@id\":\"https:\/\/cibumcr.com\/en\/#website\",\"url\":\"https:\/\/cibumcr.com\/en\/\",\"name\":\"Cibum\",\"description\":\"100% Natural\",\"publisher\":{\"@id\":\"https:\/\/cibumcr.com\/en\/#organization\"},\"potentialAction\":[{\"@type\":\"SearchAction\",\"target\":{\"@type\":\"EntryPoint\",\"urlTemplate\":\"https:\/\/cibumcr.com\/en\/?s={search_term_string}\"},\"query-input\":{\"@type\":\"PropertyValueSpecification\",\"valueRequired\":true,\"valueName\":\"search_term_string\"}}],\"inLanguage\":\"en-US\"},{\"@type\":\"Organization\",\"@id\":\"https:\/\/cibumcr.com\/en\/#organization\",\"name\":\"Cibum\",\"url\":\"https:\/\/cibumcr.com\/en\/\",\"logo\":{\"@type\":\"ImageObject\",\"inLanguage\":\"en-US\",\"@id\":\"https:\/\/cibumcr.com\/en\/#\/schema\/logo\/image\/\",\"url\":\"https:\/\/cibumcr.com\/wp-content\/uploads\/2020\/02\/logo.jpg\",\"contentUrl\":\"https:\/\/cibumcr.com\/wp-content\/uploads\/2020\/02\/logo.jpg\",\"width\":417,\"height\":417,\"caption\":\"Cibum\"},\"image\":{\"@id\":\"https:\/\/cibumcr.com\/en\/#\/schema\/logo\/image\/\"}}]}<\/script>\n<!-- \/ Yoast SEO plugin. -->","yoast_head_json":{"title":"Colados para Beb\u00e9s - Cibum","description":"Colados para beb\u00e9s, los m\u00e1s peque\u00f1os de la casa merecen una merienda saludable, por eso traemos los mejores colados 100% naturales.","robots":{"index":"index","follow":"follow","max-snippet":"max-snippet:-1","max-image-preview":"max-image-preview:large","max-video-preview":"max-video-preview:-1"},"canonical":"https:\/\/cibumcr.com\/en\/bebes\/","og_locale":"en_US","og_type":"article","og_title":"Colados para Beb\u00e9s - Cibum","og_description":"Colados para beb\u00e9s, los m\u00e1s peque\u00f1os de la casa merecen una merienda saludable, por eso traemos los mejores colados 100% naturales.","og_url":"https:\/\/cibumcr.com\/en\/bebes\/","og_site_name":"Cibum","article_modified_time":"2021-11-10T19:25:33+00:00","og_image":[{"url":"https:\/\/cibumcr.com\/wp-content\/uploads\/2021\/10\/Bebes.png","type":"","width":"","height":""}],"twitter_card":"summary_large_image","schema":{"@context":"https:\/\/schema.org","@graph":[{"@type":"WebPage","@id":"https:\/\/cibumcr.com\/en\/bebes\/","url":"https:\/\/cibumcr.com\/en\/bebes\/","name":"Colados para Beb\u00e9s - Cibum","isPartOf":{"@id":"https:\/\/cibumcr.com\/en\/#website"},"primaryImageOfPage":{"@id":"https:\/\/cibumcr.com\/en\/bebes\/#primaryimage"},"image":{"@id":"https:\/\/cibumcr.com\/en\/bebes\/#primaryimage"},"thumbnailUrl":"https:\/\/cibumcr.com\/wp-content\/uploads\/2021\/10\/Bebes.png","datePublished":"2021-09-25T23:58:38+00:00","dateModified":"2021-11-10T19:25:33+00:00","description":"Colados para beb\u00e9s, los m\u00e1s peque\u00f1os de la casa merecen una merienda saludable, por eso traemos los mejores colados 100% naturales.","breadcrumb":{"@id":"https:\/\/cibumcr.com\/en\/bebes\/#breadcrumb"},"inLanguage":"en-US","potentialAction":[{"@type":"ReadAction","target":["https:\/\/cibumcr.com\/en\/bebes\/"]}]},{"@type":"ImageObject","inLanguage":"en-US","@id":"https:\/\/cibumcr.com\/en\/bebes\/#primaryimage","url":"https:\/\/cibumcr.com\/wp-content\/uploads\/2021\/10\/Bebes.png","contentUrl":"https:\/\/cibumcr.com\/wp-content\/uploads\/2021\/10\/Bebes.png"},{"@type":"BreadcrumbList","@id":"https:\/\/cibumcr.com\/en\/bebes\/#breadcrumb","itemListElement":[{"@type":"ListItem","position":1,"name":"Portada","item":"https:\/\/cibumcr.com\/en\/"},{"@type":"ListItem","position":2,"name":"Categor\u00eda Beb\u00e9s"}]},{"@type":"WebSite","@id":"https:\/\/cibumcr.com\/en\/#website","url":"https:\/\/cibumcr.com\/en\/","name":"Cibum","description":"100% Natural","publisher":{"@id":"https:\/\/cibumcr.com\/en\/#organization"},"potentialAction":[{"@type":"SearchAction","target":{"@type":"EntryPoint","urlTemplate":"https:\/\/cibumcr.com\/en\/?s={search_term_string}"},"query-input":{"@type":"PropertyValueSpecification","valueRequired":true,"valueName":"search_term_string"}}],"inLanguage":"en-US"},{"@type":"Organization","@id":"https:\/\/cibumcr.com\/en\/#organization","name":"Cibum","url":"https:\/\/cibumcr.com\/en\/","logo":{"@type":"ImageObject","inLanguage":"en-US","@id":"https:\/\/cibumcr.com\/en\/#\/schema\/logo\/image\/","url":"https:\/\/cibumcr.com\/wp-content\/uploads\/2020\/02\/logo.jpg","contentUrl":"https:\/\/cibumcr.com\/wp-content\/uploads\/2020\/02\/logo.jpg","width":417,"height":417,"caption":"Cibum"},"image":{"@id":"https:\/\/cibumcr.com\/en\/#\/schema\/logo\/image\/"}}]}},"_links":{"self":[{"href":"https:\/\/cibumcr.com\/en\/wp-json\/wp\/v2\/pages\/2175","targetHints":{"allow":["GET"]}}],"collection":[{"href":"https:\/\/cibumcr.com\/en\/wp-json\/wp\/v2\/pages"}],"about":[{"href":"https:\/\/cibumcr.com\/en\/wp-json\/wp\/v2\/types\/page"}],"author":[{"embeddable":true,"href":"https:\/\/cibumcr.com\/en\/wp-json\/wp\/v2\/users\/1"}],"replies":[{"embeddable":true,"href":"https:\/\/cibumcr.com\/en\/wp-json\/wp\/v2\/comments?post=2175"}],"version-history":[{"count":150,"href":"https:\/\/cibumcr.com\/en\/wp-json\/wp\/v2\/pages\/2175\/revisions"}],"predecessor-version":[{"id":4079,"href":"https:\/\/cibumcr.com\/en\/wp-json\/wp\/v2\/pages\/2175\/revisions\/4079"}],"wp:attachment":[{"href":"https:\/\/cibumcr.com\/en\/wp-json\/wp\/v2\/media?parent=2175"}],"curies":[{"name":"wp","href":"https:\/\/api.w.org\/{rel}","templated":true}]}}