{"id":21,"date":"2019-01-23T06:31:31","date_gmt":"2019-01-23T06:31:31","guid":{"rendered":"http:\/\/cibumcr.com\/about-us\/"},"modified":"2021-11-10T19:59:35","modified_gmt":"2021-11-10T19:59:35","slug":"quienes-somos","status":"publish","type":"page","link":"https:\/\/cibumcr.com\/en\/quienes-somos\/","title":{"rendered":"About us"},"content":{"rendered":"<div data-elementor-type=\"wp-post\" data-elementor-id=\"21\" class=\"elementor elementor-21\">\n\t\t\t\t\t\t<section class=\"elementor-section elementor-top-section elementor-element elementor-element-63652c6 elementor-section-content-middle elementor-section-boxed elementor-section-height-default elementor-section-height-default\" data-id=\"63652c6\" data-element_type=\"section\">\n\t\t\t\t\t\t<div class=\"elementor-container elementor-column-gap-default\">\n\t\t\t\t\t<div class=\"elementor-column elementor-col-50 elementor-top-column elementor-element elementor-element-d6f3af3\" data-id=\"d6f3af3\" data-element_type=\"column\">\n\t\t\t<div class=\"elementor-widget-wrap elementor-element-populated\">\n\t\t\t\t\t\t<div class=\"elementor-element elementor-element-3533bf3 elementor-widget elementor-widget-image\" data-id=\"3533bf3\" data-element_type=\"widget\" data-widget_type=\"image.default\">\n\t\t\t\t<div class=\"elementor-widget-container\">\n\t\t\t\t\t\t\t\t\t\t\t\t\t\t\t<img decoding=\"async\" src=\"https:\/\/cibumcr.com\/wp-content\/uploads\/elementor\/thumbs\/Logo-3-pdt7ixxpzahvftopbh6qj0jkgfm8bmi9ir2ysytfc8.png\" title=\"Logo\" alt=\"Logo\" loading=\"lazy\" \/>\t\t\t\t\t\t\t\t\t\t\t\t\t\t\t<\/div>\n\t\t\t\t<\/div>\n\t\t\t\t<div class=\"elementor-element elementor-element-d7301fd elementor-widget elementor-widget-heading\" data-id=\"d7301fd\" data-element_type=\"widget\" data-widget_type=\"heading.default\">\n\t\t\t\t<div class=\"elementor-widget-container\">\n\t\t\t\t\t<h2 class=\"elementor-heading-title elementor-size-default\">About us<\/h2>\t\t\t\t<\/div>\n\t\t\t\t<\/div>\n\t\t\t\t<div class=\"elementor-element elementor-element-2623620 elementor-widget elementor-widget-text-editor\" data-id=\"2623620\" data-element_type=\"widget\" data-widget_type=\"text-editor.default\">\n\t\t\t\t<div class=\"elementor-widget-container\">\n\t\t\t\t\t\t\t\t\t<span stlye=\"text-align:justify;\">We are the brand of nutritious fruit-based products for people looking for wellness and convenience.\n\n<br><br>\nOur products are designed to provide nutrition, good taste, and convenience. So, you can do what you do best and enjoy your life while giving your body the necessary nutrients for the most important body systems.\n<br><br>\n\nCibum is a trademark of Trading Blue Mountain company.<\/span>\t\t\t\t\t\t\t\t<\/div>\n\t\t\t\t<\/div>\n\t\t\t\t\t<\/div>\n\t\t<\/div>\n\t\t\t\t<div class=\"elementor-column elementor-col-50 elementor-top-column elementor-element elementor-element-528cd5c\" data-id=\"528cd5c\" data-element_type=\"column\">\n\t\t\t<div class=\"elementor-widget-wrap elementor-element-populated\">\n\t\t\t\t\t\t<div class=\"elementor-element elementor-element-ae51ed5 elementor-widget elementor-widget-image\" data-id=\"ae51ed5\" data-element_type=\"widget\" data-widget_type=\"image.default\">\n\t\t\t\t<div class=\"elementor-widget-container\">\n\t\t\t\t\t\t\t\t\t\t\t\t\t\t\t<img decoding=\"async\" src=\"https:\/\/cibumcr.com\/wp-content\/uploads\/elementor\/thumbs\/TBM-2-pdjvpixpj8zve68l0rdo8qjiv2tac6d01p16krwz54.png\" title=\"TBM\" alt=\"TBM\" loading=\"lazy\" \/>\t\t\t\t\t\t\t\t\t\t\t\t\t\t\t<\/div>\n\t\t\t\t<\/div>\n\t\t\t\t<div class=\"elementor-element elementor-element-139e2d1 elementor-widget elementor-widget-heading\" data-id=\"139e2d1\" data-element_type=\"widget\" data-widget_type=\"heading.default\">\n\t\t\t\t<div class=\"elementor-widget-container\">\n\t\t\t\t\t<h2 class=\"elementor-heading-title elementor-size-default\">Trading Blue Mountain<\/h2>\t\t\t\t<\/div>\n\t\t\t\t<\/div>\n\t\t\t\t<div class=\"elementor-element elementor-element-2c855af elementor-align-center elementor-widget elementor-widget-button\" data-id=\"2c855af\" data-element_type=\"widget\" data-widget_type=\"button.default\">\n\t\t\t\t<div class=\"elementor-widget-container\">\n\t\t\t\t\t\t\t\t\t<div class=\"elementor-button-wrapper\">\n\t\t\t\t\t<a class=\"elementor-button elementor-button-link elementor-size-sm\" href=\"https:\/\/tbmcr.site\/es\/conozcanos.php\">\n\t\t\t\t\t\t<span class=\"elementor-button-content-wrapper\">\n\t\t\t\t\t\t\t\t\t<span class=\"elementor-button-text\">Contact Us <\/span>\n\t\t\t\t\t<\/span>\n\t\t\t\t\t<\/a>\n\t\t\t\t<\/div>\n\t\t\t\t\t\t\t\t<\/div>\n\t\t\t\t<\/div>\n\t\t\t\t\t<\/div>\n\t\t<\/div>\n\t\t\t\t\t<\/div>\n\t\t<\/section>\n\t\t\t\t<\/div>","protected":false},"excerpt":{"rendered":"<p>\u00bfQui\u00e9nes somos? Somos la marca con productos nutritivos a base de frutas para personas que buscan bienestar y conveniencia. Nuestros productos est\u00e1n dise\u00f1ados para proporcionarle nutrici\u00f3n, buen gusto y comodidad;&hellip;<\/p>","protected":false},"author":1,"featured_media":0,"parent":0,"menu_order":0,"comment_status":"closed","ping_status":"closed","template":"","meta":{"om_disable_all_campaigns":false,"footnotes":""},"class_list":["post-21","page","type-page","status-publish","hentry"],"yoast_head":"<!-- This site is optimized with the Yoast SEO plugin v26.9 - https:\/\/yoast.com\/product\/yoast-seo-wordpress\/ -->\n<title>\u00bfQui\u00e9nes somos? - Cibum<\/title>\n<meta name=\"description\" content=\"Somos una marca de Alimentos a base de frutas 100% natural \/ 100% fruta. Nuestros productos buscan satisfacer necesidades y demandas de una alimentaci\u00f3n sana y pr\u00e1ctica. Utilizamos la tecnolog\u00edas de avanzada para proveer, al mismo tiempo productos m\u00e1s saludables y practicidad en el consumo.\" \/>\n<meta name=\"robots\" content=\"index, follow, max-snippet:-1, max-image-preview:large, max-video-preview:-1\" \/>\n<link rel=\"canonical\" href=\"https:\/\/cibumcr.com\/en\/quienes-somos\/\" \/>\n<meta property=\"og:locale\" content=\"en_US\" \/>\n<meta property=\"og:type\" content=\"article\" \/>\n<meta property=\"og:title\" content=\"\u00bfQui\u00e9nes somos? - Cibum\" \/>\n<meta property=\"og:description\" content=\"Somos una marca de Alimentos a base de frutas 100% natural \/ 100% fruta. Nuestros productos buscan satisfacer necesidades y demandas de una alimentaci\u00f3n sana y pr\u00e1ctica. Utilizamos la tecnolog\u00edas de avanzada para proveer, al mismo tiempo productos m\u00e1s saludables y practicidad en el consumo.\" \/>\n<meta property=\"og:url\" content=\"https:\/\/cibumcr.com\/en\/quienes-somos\/\" \/>\n<meta property=\"og:site_name\" content=\"Cibum\" \/>\n<meta property=\"article:modified_time\" content=\"2021-11-10T19:59:35+00:00\" \/>\n<meta property=\"og:image\" content=\"https:\/\/cibumcr.com\/wp-content\/uploads\/elementor\/thumbs\/Logo-3-pdt7ixxpzahvftopbh6qj0jkgfm8bmi9ir2ysytfc8.png\" \/>\n<meta name=\"twitter:card\" content=\"summary_large_image\" \/>\n<script type=\"application\/ld+json\" class=\"yoast-schema-graph\">{\"@context\":\"https:\/\/schema.org\",\"@graph\":[{\"@type\":\"WebPage\",\"@id\":\"https:\/\/cibumcr.com\/quienes-somos\/\",\"url\":\"https:\/\/cibumcr.com\/quienes-somos\/\",\"name\":\"\u00bfQui\u00e9nes somos? - Cibum\",\"isPartOf\":{\"@id\":\"https:\/\/cibumcr.com\/en\/#website\"},\"primaryImageOfPage\":{\"@id\":\"https:\/\/cibumcr.com\/quienes-somos\/#primaryimage\"},\"image\":{\"@id\":\"https:\/\/cibumcr.com\/quienes-somos\/#primaryimage\"},\"thumbnailUrl\":\"https:\/\/cibumcr.com\/wp-content\/uploads\/elementor\/thumbs\/Logo-3-pdt7ixxpzahvftopbh6qj0jkgfm8bmi9ir2ysytfc8.png\",\"datePublished\":\"2019-01-23T06:31:31+00:00\",\"dateModified\":\"2021-11-10T19:59:35+00:00\",\"description\":\"Somos una marca de Alimentos a base de frutas 100% natural \/ 100% fruta. Nuestros productos buscan satisfacer necesidades y demandas de una alimentaci\u00f3n sana y pr\u00e1ctica. Utilizamos la tecnolog\u00edas de avanzada para proveer, al mismo tiempo productos m\u00e1s saludables y practicidad en el consumo.\",\"breadcrumb\":{\"@id\":\"https:\/\/cibumcr.com\/quienes-somos\/#breadcrumb\"},\"inLanguage\":\"en-US\",\"potentialAction\":[{\"@type\":\"ReadAction\",\"target\":[\"https:\/\/cibumcr.com\/quienes-somos\/\"]}]},{\"@type\":\"ImageObject\",\"inLanguage\":\"en-US\",\"@id\":\"https:\/\/cibumcr.com\/quienes-somos\/#primaryimage\",\"url\":\"https:\/\/cibumcr.com\/wp-content\/uploads\/elementor\/thumbs\/Logo-3-pdt7ixxpzahvftopbh6qj0jkgfm8bmi9ir2ysytfc8.png\",\"contentUrl\":\"https:\/\/cibumcr.com\/wp-content\/uploads\/elementor\/thumbs\/Logo-3-pdt7ixxpzahvftopbh6qj0jkgfm8bmi9ir2ysytfc8.png\"},{\"@type\":\"BreadcrumbList\",\"@id\":\"https:\/\/cibumcr.com\/quienes-somos\/#breadcrumb\",\"itemListElement\":[{\"@type\":\"ListItem\",\"position\":1,\"name\":\"Portada\",\"item\":\"https:\/\/cibumcr.com\/en\/\"},{\"@type\":\"ListItem\",\"position\":2,\"name\":\"\u00bfQui\u00e9nes somos?\"}]},{\"@type\":\"WebSite\",\"@id\":\"https:\/\/cibumcr.com\/en\/#website\",\"url\":\"https:\/\/cibumcr.com\/en\/\",\"name\":\"Cibum\",\"description\":\"100% Natural\",\"publisher\":{\"@id\":\"https:\/\/cibumcr.com\/en\/#organization\"},\"potentialAction\":[{\"@type\":\"SearchAction\",\"target\":{\"@type\":\"EntryPoint\",\"urlTemplate\":\"https:\/\/cibumcr.com\/en\/?s={search_term_string}\"},\"query-input\":{\"@type\":\"PropertyValueSpecification\",\"valueRequired\":true,\"valueName\":\"search_term_string\"}}],\"inLanguage\":\"en-US\"},{\"@type\":\"Organization\",\"@id\":\"https:\/\/cibumcr.com\/en\/#organization\",\"name\":\"Cibum\",\"url\":\"https:\/\/cibumcr.com\/en\/\",\"logo\":{\"@type\":\"ImageObject\",\"inLanguage\":\"en-US\",\"@id\":\"https:\/\/cibumcr.com\/en\/#\/schema\/logo\/image\/\",\"url\":\"https:\/\/cibumcr.com\/wp-content\/uploads\/2020\/02\/logo.jpg\",\"contentUrl\":\"https:\/\/cibumcr.com\/wp-content\/uploads\/2020\/02\/logo.jpg\",\"width\":417,\"height\":417,\"caption\":\"Cibum\"},\"image\":{\"@id\":\"https:\/\/cibumcr.com\/en\/#\/schema\/logo\/image\/\"}}]}<\/script>\n<!-- \/ Yoast SEO plugin. -->","yoast_head_json":{"title":"\u00bfQui\u00e9nes somos? - Cibum","description":"Somos una marca de Alimentos a base de frutas 100% natural \/ 100% fruta. Nuestros productos buscan satisfacer necesidades y demandas de una alimentaci\u00f3n sana y pr\u00e1ctica. Utilizamos la tecnolog\u00edas de avanzada para proveer, al mismo tiempo productos m\u00e1s saludables y practicidad en el consumo.","robots":{"index":"index","follow":"follow","max-snippet":"max-snippet:-1","max-image-preview":"max-image-preview:large","max-video-preview":"max-video-preview:-1"},"canonical":"https:\/\/cibumcr.com\/en\/quienes-somos\/","og_locale":"en_US","og_type":"article","og_title":"\u00bfQui\u00e9nes somos? - Cibum","og_description":"Somos una marca de Alimentos a base de frutas 100% natural \/ 100% fruta. Nuestros productos buscan satisfacer necesidades y demandas de una alimentaci\u00f3n sana y pr\u00e1ctica. Utilizamos la tecnolog\u00edas de avanzada para proveer, al mismo tiempo productos m\u00e1s saludables y practicidad en el consumo.","og_url":"https:\/\/cibumcr.com\/en\/quienes-somos\/","og_site_name":"Cibum","article_modified_time":"2021-11-10T19:59:35+00:00","og_image":[{"url":"https:\/\/cibumcr.com\/wp-content\/uploads\/elementor\/thumbs\/Logo-3-pdt7ixxpzahvftopbh6qj0jkgfm8bmi9ir2ysytfc8.png","type":"","width":"","height":""}],"twitter_card":"summary_large_image","schema":{"@context":"https:\/\/schema.org","@graph":[{"@type":"WebPage","@id":"https:\/\/cibumcr.com\/quienes-somos\/","url":"https:\/\/cibumcr.com\/quienes-somos\/","name":"\u00bfQui\u00e9nes somos? - Cibum","isPartOf":{"@id":"https:\/\/cibumcr.com\/en\/#website"},"primaryImageOfPage":{"@id":"https:\/\/cibumcr.com\/quienes-somos\/#primaryimage"},"image":{"@id":"https:\/\/cibumcr.com\/quienes-somos\/#primaryimage"},"thumbnailUrl":"https:\/\/cibumcr.com\/wp-content\/uploads\/elementor\/thumbs\/Logo-3-pdt7ixxpzahvftopbh6qj0jkgfm8bmi9ir2ysytfc8.png","datePublished":"2019-01-23T06:31:31+00:00","dateModified":"2021-11-10T19:59:35+00:00","description":"Somos una marca de Alimentos a base de frutas 100% natural \/ 100% fruta. Nuestros productos buscan satisfacer necesidades y demandas de una alimentaci\u00f3n sana y pr\u00e1ctica. Utilizamos la tecnolog\u00edas de avanzada para proveer, al mismo tiempo productos m\u00e1s saludables y practicidad en el consumo.","breadcrumb":{"@id":"https:\/\/cibumcr.com\/quienes-somos\/#breadcrumb"},"inLanguage":"en-US","potentialAction":[{"@type":"ReadAction","target":["https:\/\/cibumcr.com\/quienes-somos\/"]}]},{"@type":"ImageObject","inLanguage":"en-US","@id":"https:\/\/cibumcr.com\/quienes-somos\/#primaryimage","url":"https:\/\/cibumcr.com\/wp-content\/uploads\/elementor\/thumbs\/Logo-3-pdt7ixxpzahvftopbh6qj0jkgfm8bmi9ir2ysytfc8.png","contentUrl":"https:\/\/cibumcr.com\/wp-content\/uploads\/elementor\/thumbs\/Logo-3-pdt7ixxpzahvftopbh6qj0jkgfm8bmi9ir2ysytfc8.png"},{"@type":"BreadcrumbList","@id":"https:\/\/cibumcr.com\/quienes-somos\/#breadcrumb","itemListElement":[{"@type":"ListItem","position":1,"name":"Portada","item":"https:\/\/cibumcr.com\/en\/"},{"@type":"ListItem","position":2,"name":"\u00bfQui\u00e9nes somos?"}]},{"@type":"WebSite","@id":"https:\/\/cibumcr.com\/en\/#website","url":"https:\/\/cibumcr.com\/en\/","name":"Cibum","description":"100% Natural","publisher":{"@id":"https:\/\/cibumcr.com\/en\/#organization"},"potentialAction":[{"@type":"SearchAction","target":{"@type":"EntryPoint","urlTemplate":"https:\/\/cibumcr.com\/en\/?s={search_term_string}"},"query-input":{"@type":"PropertyValueSpecification","valueRequired":true,"valueName":"search_term_string"}}],"inLanguage":"en-US"},{"@type":"Organization","@id":"https:\/\/cibumcr.com\/en\/#organization","name":"Cibum","url":"https:\/\/cibumcr.com\/en\/","logo":{"@type":"ImageObject","inLanguage":"en-US","@id":"https:\/\/cibumcr.com\/en\/#\/schema\/logo\/image\/","url":"https:\/\/cibumcr.com\/wp-content\/uploads\/2020\/02\/logo.jpg","contentUrl":"https:\/\/cibumcr.com\/wp-content\/uploads\/2020\/02\/logo.jpg","width":417,"height":417,"caption":"Cibum"},"image":{"@id":"https:\/\/cibumcr.com\/en\/#\/schema\/logo\/image\/"}}]}},"_links":{"self":[{"href":"https:\/\/cibumcr.com\/en\/wp-json\/wp\/v2\/pages\/21","targetHints":{"allow":["GET"]}}],"collection":[{"href":"https:\/\/cibumcr.com\/en\/wp-json\/wp\/v2\/pages"}],"about":[{"href":"https:\/\/cibumcr.com\/en\/wp-json\/wp\/v2\/types\/page"}],"author":[{"embeddable":true,"href":"https:\/\/cibumcr.com\/en\/wp-json\/wp\/v2\/users\/1"}],"replies":[{"embeddable":true,"href":"https:\/\/cibumcr.com\/en\/wp-json\/wp\/v2\/comments?post=21"}],"version-history":[{"count":162,"href":"https:\/\/cibumcr.com\/en\/wp-json\/wp\/v2\/pages\/21\/revisions"}],"predecessor-version":[{"id":4084,"href":"https:\/\/cibumcr.com\/en\/wp-json\/wp\/v2\/pages\/21\/revisions\/4084"}],"wp:attachment":[{"href":"https:\/\/cibumcr.com\/en\/wp-json\/wp\/v2\/media?parent=21"}],"curies":[{"name":"wp","href":"https:\/\/api.w.org\/{rel}","templated":true}]}}